{"id":21965,"date":"2026-01-12T15:27:34","date_gmt":"2026-01-12T15:27:34","guid":{"rendered":"https:\/\/electrovalcorp.com\/ecommerce\/?post_type=product&#038;p=21965"},"modified":"2026-03-06T16:49:28","modified_gmt":"2026-03-06T16:49:28","slug":"rotomartillo-sds-plus-780w-6-7a-2-7j-3-modos-hr2470-makita","status":"publish","type":"product","link":"https:\/\/electrovalcorp.com\/ecommerce\/producto\/rotomartillo-sds-plus-780w-6-7a-2-7j-3-modos-hr2470-makita\/","title":{"rendered":"ROTOMARTILLO SDS-PLUS 780W 6.7A 2.7J (3-MODOS)- HR2470- MAKITA"},"content":{"rendered":"<p>Martillo ligero compatible para SDS-PLUS. Adecuado para taladrar y taladrar con percusi\u00f3n. Capacidad del motor de 780 W y velocidad ajustable entre 0 y 1 100 min\u207b\u00b9 desde un interruptor. Energ\u00eda de impacto de 2,4 J y rango de perforaci\u00f3n \u00f3ptimo de 8 &#8211; 18 mm en hormig\u00f3n. Capacidad de perforaci\u00f3n m\u00e1xima de 24 mm en hormig\u00f3n<\/p>\n","protected":false},"excerpt":{"rendered":"<p>Martillo ligero compatible para SDS-PLUS. Adecuado para taladrar y taladrar con percusi\u00f3n. Capacidad del motor de 780 W y velocidad ajustable entre 0 y 1 100 min\u207b\u00b9 desde un interruptor. Energ\u00eda de impacto de 2,4 J y rango de perforaci\u00f3n \u00f3ptimo de 8 &#8211; 18 mm en hormig\u00f3n. Capacidad de perforaci\u00f3n m\u00e1xima de 24 mm [&hellip;]<\/p>\n","protected":false},"featured_media":21968,"comment_status":"open","ping_status":"closed","template":"","meta":[],"product_brand":[],"product_cat":[188,204],"product_tag":[],"class_list":{"0":"post-21965","1":"product","2":"type-product","3":"status-publish","4":"has-post-thumbnail","6":"product_cat-herramienta-a-bateria","7":"product_cat-makita","9":"first","10":"instock","11":"taxable","12":"shipping-taxable","13":"purchasable","14":"product-type-simple","15":"add-to-wishlist-after_add_to_cart"},"aioseo_notices":[],"_links":{"self":[{"href":"https:\/\/electrovalcorp.com\/ecommerce\/wp-json\/wp\/v2\/product\/21965","targetHints":{"allow":["GET"]}}],"collection":[{"href":"https:\/\/electrovalcorp.com\/ecommerce\/wp-json\/wp\/v2\/product"}],"about":[{"href":"https:\/\/electrovalcorp.com\/ecommerce\/wp-json\/wp\/v2\/types\/product"}],"replies":[{"embeddable":true,"href":"https:\/\/electrovalcorp.com\/ecommerce\/wp-json\/wp\/v2\/comments?post=21965"}],"wp:featuredmedia":[{"embeddable":true,"href":"https:\/\/electrovalcorp.com\/ecommerce\/wp-json\/wp\/v2\/media\/21968"}],"wp:attachment":[{"href":"https:\/\/electrovalcorp.com\/ecommerce\/wp-json\/wp\/v2\/media?parent=21965"}],"wp:term":[{"taxonomy":"product_brand","embeddable":true,"href":"https:\/\/electrovalcorp.com\/ecommerce\/wp-json\/wp\/v2\/product_brand?post=21965"},{"taxonomy":"product_cat","embeddable":true,"href":"https:\/\/electrovalcorp.com\/ecommerce\/wp-json\/wp\/v2\/product_cat?post=21965"},{"taxonomy":"product_tag","embeddable":true,"href":"https:\/\/electrovalcorp.com\/ecommerce\/wp-json\/wp\/v2\/product_tag?post=21965"}],"curies":[{"name":"wp","href":"https:\/\/api.w.org\/{rel}","templated":true}]}}