{"id":21979,"date":"2026-01-12T17:48:09","date_gmt":"2026-01-12T17:48:09","guid":{"rendered":"https:\/\/electrovalcorp.com\/ecommerce\/?post_type=product&#038;p=21979"},"modified":"2026-03-25T21:34:38","modified_gmt":"2026-03-25T21:34:38","slug":"hidrolavadora-40v-xgt-hw001gz-makita","status":"publish","type":"product","link":"https:\/\/electrovalcorp.com\/ecommerce\/producto\/hidrolavadora-40v-xgt-hw001gz-makita\/","title":{"rendered":"HIDROLAVADORA 40V XGT-HW001GZ(SIN BATERIA NI CARGADOR)- MAKITA"},"content":{"rendered":"<p>Hidrolavadora de Alta Presi\u00f3n Inal\u00e1mbrica alimentada por una bater\u00eda XGT de Li-Ion de 40Vmax (dos en paralelo o una). Alta potencia de lavado similar a la de los modelos con cable. Buena movilidad y transportabilidad. 3 modos de operaci\u00f3n; el modo de operaci\u00f3n se puede seleccionar para adaptarse al grado de contaminaci\u00f3n del objeto a limpiar. Ruedas de gran di\u00e1metro; equipada con ruedas de 140 mm de di\u00e1metro, lo que permite una buena movilidad incluso en superficies de caminos irregulares.<\/p>\n<p>&nbsp;<\/p>\n","protected":false},"excerpt":{"rendered":"<p>Hidrolavadora de Alta Presi\u00f3n Inal\u00e1mbrica alimentada por una bater\u00eda XGT de Li-Ion de 40Vmax (dos en paralelo o una). Alta potencia de lavado similar a la de los modelos con cable. Buena movilidad y transportabilidad. 3 modos de operaci\u00f3n; el modo de operaci\u00f3n se puede seleccionar para adaptarse al grado de contaminaci\u00f3n del objeto a [&hellip;]<\/p>\n","protected":false},"featured_media":21980,"comment_status":"open","ping_status":"closed","template":"","meta":[],"product_brand":[],"product_cat":[188,204],"product_tag":[],"class_list":{"0":"post-21979","1":"product","2":"type-product","3":"status-publish","4":"has-post-thumbnail","6":"product_cat-herramienta-a-bateria","7":"product_cat-makita","9":"first","10":"instock","11":"taxable","12":"shipping-taxable","13":"purchasable","14":"product-type-simple","15":"add-to-wishlist-after_add_to_cart"},"aioseo_notices":[],"_links":{"self":[{"href":"https:\/\/electrovalcorp.com\/ecommerce\/wp-json\/wp\/v2\/product\/21979","targetHints":{"allow":["GET"]}}],"collection":[{"href":"https:\/\/electrovalcorp.com\/ecommerce\/wp-json\/wp\/v2\/product"}],"about":[{"href":"https:\/\/electrovalcorp.com\/ecommerce\/wp-json\/wp\/v2\/types\/product"}],"replies":[{"embeddable":true,"href":"https:\/\/electrovalcorp.com\/ecommerce\/wp-json\/wp\/v2\/comments?post=21979"}],"wp:featuredmedia":[{"embeddable":true,"href":"https:\/\/electrovalcorp.com\/ecommerce\/wp-json\/wp\/v2\/media\/21980"}],"wp:attachment":[{"href":"https:\/\/electrovalcorp.com\/ecommerce\/wp-json\/wp\/v2\/media?parent=21979"}],"wp:term":[{"taxonomy":"product_brand","embeddable":true,"href":"https:\/\/electrovalcorp.com\/ecommerce\/wp-json\/wp\/v2\/product_brand?post=21979"},{"taxonomy":"product_cat","embeddable":true,"href":"https:\/\/electrovalcorp.com\/ecommerce\/wp-json\/wp\/v2\/product_cat?post=21979"},{"taxonomy":"product_tag","embeddable":true,"href":"https:\/\/electrovalcorp.com\/ecommerce\/wp-json\/wp\/v2\/product_tag?post=21979"}],"curies":[{"name":"wp","href":"https:\/\/api.w.org\/{rel}","templated":true}]}}