{"id":21985,"date":"2026-01-12T19:46:27","date_gmt":"2026-01-12T19:46:27","guid":{"rendered":"https:\/\/electrovalcorp.com\/ecommerce\/?post_type=product&#038;p=21985"},"modified":"2026-03-06T16:41:57","modified_gmt":"2026-03-06T16:41:57","slug":"router1-2-1100w-24-000rpm-11a-rf1101-makita","status":"publish","type":"product","link":"https:\/\/electrovalcorp.com\/ecommerce\/producto\/router1-2-1100w-24-000rpm-11a-rf1101-makita\/","title":{"rendered":"ROUTER1\/2&#8243; 1100W 24.000RPM 11A- RF1101- MAKITA"},"content":{"rendered":"<p>La Buriladora de 2-1\/4 HP (modelo RF1101) de Makita combina potencia con conveniencia y caracter\u00edsticas de f\u00e1cil uso para rendimiento mejorado. La RF1101 tiene un potente motor con suave arranque para inicios tranquilos y control de velocidad electr\u00f3nico que mantienen velocidad constante bajo carga. El control de velocidad variable permite al usuario igualar la velocidad a la aplicaci\u00f3n, con 8,000 &#8211; 24,000 RPM. La sub-base acepta las gu\u00edas de plantillas est\u00e1ndar y la tapa plana durable proporciona estabilidad cuando se cambia la broca. El RF1101 tiene ingenier\u00eda totalmente a base de baleros para mayor duraci\u00f3n y acepta brocas con entrada de 1\/2&#8243; y 1\/4&#8243;<\/p>\n<ul class=\"ul-features\">\n<li class=\"dyn-expand\">El control de velocidad variable permite al usuario igualar la velocidad seg\u00fan la aplicaci\u00f3n<\/li>\n<li class=\"dyn-expand\">Control electr\u00f3nico de velocidad mantiene la velocidad constante bajo carga<\/li>\n<li class=\"dyn-expand\">Caracter\u00edstica de suave arranque para inicios tranquilos<\/li>\n<li class=\"dyn-expand\">Carcasa de aluminio resistente para el motor con di\u00e1metro peque\u00f1o de 3-1\/4&#8243; para f\u00e1cil manejo<\/li>\n<li class=\"dyn-expand\">La sub-base acepta las gu\u00edas de plantillas est\u00e1ndar para conveniencia<\/li>\n<\/ul>\n","protected":false},"excerpt":{"rendered":"<p>La Buriladora de 2-1\/4 HP (modelo RF1101) de Makita combina potencia con conveniencia y caracter\u00edsticas de f\u00e1cil uso para rendimiento mejorado. La RF1101 tiene un potente motor con suave arranque para inicios tranquilos y control de velocidad electr\u00f3nico que mantienen velocidad constante bajo carga. El control de velocidad variable permite al usuario igualar la velocidad [&hellip;]<\/p>\n","protected":false},"featured_media":21986,"comment_status":"open","ping_status":"closed","template":"","meta":[],"product_brand":[],"product_cat":[188,204],"product_tag":[],"class_list":{"0":"post-21985","1":"product","2":"type-product","3":"status-publish","4":"has-post-thumbnail","6":"product_cat-herramienta-a-bateria","7":"product_cat-makita","9":"first","10":"instock","11":"taxable","12":"shipping-taxable","13":"purchasable","14":"product-type-simple","15":"add-to-wishlist-after_add_to_cart"},"aioseo_notices":[],"_links":{"self":[{"href":"https:\/\/electrovalcorp.com\/ecommerce\/wp-json\/wp\/v2\/product\/21985","targetHints":{"allow":["GET"]}}],"collection":[{"href":"https:\/\/electrovalcorp.com\/ecommerce\/wp-json\/wp\/v2\/product"}],"about":[{"href":"https:\/\/electrovalcorp.com\/ecommerce\/wp-json\/wp\/v2\/types\/product"}],"replies":[{"embeddable":true,"href":"https:\/\/electrovalcorp.com\/ecommerce\/wp-json\/wp\/v2\/comments?post=21985"}],"wp:featuredmedia":[{"embeddable":true,"href":"https:\/\/electrovalcorp.com\/ecommerce\/wp-json\/wp\/v2\/media\/21986"}],"wp:attachment":[{"href":"https:\/\/electrovalcorp.com\/ecommerce\/wp-json\/wp\/v2\/media?parent=21985"}],"wp:term":[{"taxonomy":"product_brand","embeddable":true,"href":"https:\/\/electrovalcorp.com\/ecommerce\/wp-json\/wp\/v2\/product_brand?post=21985"},{"taxonomy":"product_cat","embeddable":true,"href":"https:\/\/electrovalcorp.com\/ecommerce\/wp-json\/wp\/v2\/product_cat?post=21985"},{"taxonomy":"product_tag","embeddable":true,"href":"https:\/\/electrovalcorp.com\/ecommerce\/wp-json\/wp\/v2\/product_tag?post=21985"}],"curies":[{"name":"wp","href":"https:\/\/api.w.org\/{rel}","templated":true}]}}