{"id":21990,"date":"2026-01-12T21:04:16","date_gmt":"2026-01-12T21:04:16","guid":{"rendered":"https:\/\/electrovalcorp.com\/ecommerce\/?post_type=product&#038;p=21990"},"modified":"2026-03-06T18:12:14","modified_gmt":"2026-03-06T18:12:14","slug":"caja-de-herramientas-con-ruedas-maktrak-t-90009-makita","status":"publish","type":"product","link":"https:\/\/electrovalcorp.com\/ecommerce\/producto\/caja-de-herramientas-con-ruedas-maktrak-t-90009-makita\/","title":{"rendered":"CAJA DE HERRAMIENTAS CON RUEDAS MAKTRAK- T-90009- MAKITA"},"content":{"rendered":"<p>Descubre la Caja de Herramientas Rodante dise\u00f1ada para ofrecer innovaci\u00f3n, conveniencia y versatilidad en cada detalle. Su mango ahulado con tecnolog\u00eda Gecko Grip\u2122 facilita la carga y descarga desde la camioneta, brindando un agarre firme y c\u00f3modo. La base abierta sin interferencias ni necesidad de desmontar piezas permite un acceso directo y r\u00e1pido a tus herramientas.<\/p>\n<p>&nbsp;<\/p>\n","protected":false},"excerpt":{"rendered":"<p>Descubre la Caja de Herramientas Rodante dise\u00f1ada para ofrecer innovaci\u00f3n, conveniencia y versatilidad en cada detalle. Su mango ahulado con tecnolog\u00eda Gecko Grip\u2122 facilita la carga y descarga desde la camioneta, brindando un agarre firme y c\u00f3modo. La base abierta sin interferencias ni necesidad de desmontar piezas permite un acceso directo y r\u00e1pido a tus [&hellip;]<\/p>\n","protected":false},"featured_media":21992,"comment_status":"open","ping_status":"closed","template":"","meta":[],"product_brand":[],"product_cat":[197,196,204],"product_tag":[],"class_list":{"0":"post-21990","1":"product","2":"type-product","3":"status-publish","4":"has-post-thumbnail","6":"product_cat-accesorios","7":"product_cat-almacenaje","8":"product_cat-makita","10":"first","11":"instock","12":"taxable","13":"shipping-taxable","14":"purchasable","15":"product-type-simple","16":"add-to-wishlist-after_add_to_cart"},"aioseo_notices":[],"_links":{"self":[{"href":"https:\/\/electrovalcorp.com\/ecommerce\/wp-json\/wp\/v2\/product\/21990","targetHints":{"allow":["GET"]}}],"collection":[{"href":"https:\/\/electrovalcorp.com\/ecommerce\/wp-json\/wp\/v2\/product"}],"about":[{"href":"https:\/\/electrovalcorp.com\/ecommerce\/wp-json\/wp\/v2\/types\/product"}],"replies":[{"embeddable":true,"href":"https:\/\/electrovalcorp.com\/ecommerce\/wp-json\/wp\/v2\/comments?post=21990"}],"wp:featuredmedia":[{"embeddable":true,"href":"https:\/\/electrovalcorp.com\/ecommerce\/wp-json\/wp\/v2\/media\/21992"}],"wp:attachment":[{"href":"https:\/\/electrovalcorp.com\/ecommerce\/wp-json\/wp\/v2\/media?parent=21990"}],"wp:term":[{"taxonomy":"product_brand","embeddable":true,"href":"https:\/\/electrovalcorp.com\/ecommerce\/wp-json\/wp\/v2\/product_brand?post=21990"},{"taxonomy":"product_cat","embeddable":true,"href":"https:\/\/electrovalcorp.com\/ecommerce\/wp-json\/wp\/v2\/product_cat?post=21990"},{"taxonomy":"product_tag","embeddable":true,"href":"https:\/\/electrovalcorp.com\/ecommerce\/wp-json\/wp\/v2\/product_tag?post=21990"}],"curies":[{"name":"wp","href":"https:\/\/api.w.org\/{rel}","templated":true}]}}