{"id":22015,"date":"2026-01-12T22:40:45","date_gmt":"2026-01-12T22:40:45","guid":{"rendered":"https:\/\/electrovalcorp.com\/ecommerce\/?post_type=product&#038;p=22015"},"modified":"2026-03-13T16:19:08","modified_gmt":"2026-03-13T16:19:08","slug":"barredora-aspiradora-xgt-15-6l-vs001gzx18-makita","status":"publish","type":"product","link":"https:\/\/electrovalcorp.com\/ecommerce\/producto\/barredora-aspiradora-xgt-15-6l-vs001gzx18-makita\/","title":{"rendered":"BARREDORA \/ ASPIRADORA XGT 15.6L- VS001GZX18- MAKITA"},"content":{"rendered":"<p>La barredora aspiradora a bater\u00eda Makita VS001G, alimentada por bater\u00edas XGT\u00ae de 40Vm\u00e1x, est\u00e1 dise\u00f1ada su uso en obras o instalaciones comerciales al aire libre. Capaz de limpiar polvo o residuos de todos los tama\u00f1os. Los dos cepillos principales de altura regulable, situados en la parte inferior de la m\u00e1quina, permiten limpiar peque\u00f1as part\u00edculas de polvo, as\u00ed como residuos de gran tama\u00f1o, como botellas de pl\u00e1stico de 500ml. Los cepillos laterales permiten limpiar eficazmente los bordes de las paredes. Limpieza del filtro el\u00e9ctrico<\/p>\n<p>Dispone de una amplia gama de opciones de ajuste para adaptar la barredora por aspiraci\u00f3n a diferentes circunstancias. El panel de control para interruptores e indicadores est\u00e1 situado en el asa para facilitar el acceso. Dispone de interruptores de encendido\/apagado para la limpieza del filtro, la luz de trabajo LED y para los cepillos laterales.<\/p>\n","protected":false},"excerpt":{"rendered":"<p>La barredora aspiradora a bater\u00eda Makita VS001G, alimentada por bater\u00edas XGT\u00ae de 40Vm\u00e1x, est\u00e1 dise\u00f1ada su uso en obras o instalaciones comerciales al aire libre. Capaz de limpiar polvo o residuos de todos los tama\u00f1os. Los dos cepillos principales de altura regulable, situados en la parte inferior de la m\u00e1quina, permiten limpiar peque\u00f1as part\u00edculas de [&hellip;]<\/p>\n","protected":false},"featured_media":22017,"comment_status":"open","ping_status":"closed","template":"","meta":[],"product_brand":[],"product_cat":[188,204],"product_tag":[],"class_list":{"0":"post-22015","1":"product","2":"type-product","3":"status-publish","4":"has-post-thumbnail","6":"product_cat-herramienta-a-bateria","7":"product_cat-makita","9":"first","10":"instock","11":"taxable","12":"shipping-taxable","13":"purchasable","14":"product-type-simple","15":"add-to-wishlist-after_add_to_cart"},"aioseo_notices":[],"_links":{"self":[{"href":"https:\/\/electrovalcorp.com\/ecommerce\/wp-json\/wp\/v2\/product\/22015","targetHints":{"allow":["GET"]}}],"collection":[{"href":"https:\/\/electrovalcorp.com\/ecommerce\/wp-json\/wp\/v2\/product"}],"about":[{"href":"https:\/\/electrovalcorp.com\/ecommerce\/wp-json\/wp\/v2\/types\/product"}],"replies":[{"embeddable":true,"href":"https:\/\/electrovalcorp.com\/ecommerce\/wp-json\/wp\/v2\/comments?post=22015"}],"wp:featuredmedia":[{"embeddable":true,"href":"https:\/\/electrovalcorp.com\/ecommerce\/wp-json\/wp\/v2\/media\/22017"}],"wp:attachment":[{"href":"https:\/\/electrovalcorp.com\/ecommerce\/wp-json\/wp\/v2\/media?parent=22015"}],"wp:term":[{"taxonomy":"product_brand","embeddable":true,"href":"https:\/\/electrovalcorp.com\/ecommerce\/wp-json\/wp\/v2\/product_brand?post=22015"},{"taxonomy":"product_cat","embeddable":true,"href":"https:\/\/electrovalcorp.com\/ecommerce\/wp-json\/wp\/v2\/product_cat?post=22015"},{"taxonomy":"product_tag","embeddable":true,"href":"https:\/\/electrovalcorp.com\/ecommerce\/wp-json\/wp\/v2\/product_tag?post=22015"}],"curies":[{"name":"wp","href":"https:\/\/api.w.org\/{rel}","templated":true}]}}