{"id":22376,"date":"2026-04-09T15:02:00","date_gmt":"2026-04-09T15:02:00","guid":{"rendered":"https:\/\/electrovalcorp.com\/ecommerce\/?post_type=product&#038;p=22376"},"modified":"2026-04-09T15:02:00","modified_gmt":"2026-04-09T15:02:00","slug":"linterna-de-enfoque-deslizante-redlithium-usb-de-2-000-lumenes-milwaukee-cod-2162-21","status":"publish","type":"product","link":"https:\/\/electrovalcorp.com\/ecommerce\/producto\/linterna-de-enfoque-deslizante-redlithium-usb-de-2-000-lumenes-milwaukee-cod-2162-21\/","title":{"rendered":"LINTERNA DE ENFOQUE DESLIZANTE REDLITHIUM\u2122 USB de 2.000 LUMENES- MILWAUKEE- COD: 2162-21"},"content":{"rendered":"<div class=\"flex items-center cursor-pointer px-4 py-5 md:px-5 md:py-6\">\n<div class=\"ml-auto md:mr-1.5\">Nuestra linterna de enfoque giratorio de 2,000 l\u00famenes recargable mediante USB REDLITHIUM\u2122 alimentada con USB REDLITHIUM\u2122 ofrece iluminaci\u00f3n HIGH OUTPUT\u2122 que se mantiene m\u00e1s brillante por m\u00e1s tiempo. Gracias a sus 2,000 L\u00daMENES y al CONTROL DE HAZ M\u00c1S R\u00c1PIDO, esta linterna ofrece el mejor rendimiento de su clase. Con 4 modos diferentes de SALIDA TRUEVIEW\u2122 DE ALTA DEFINICI\u00d3N.<\/div>\n<\/div>\n<div><\/div>\n<div>\n<ul>\n<li>\n<div class=\"flex mb-3\">\n<p class=\"font-helvetica55 tracking-normal text-gray-900 text-16\"><span dir=\"auto\">Modo de impulso de 2.000 l\u00famenes.<\/span><\/p>\n<\/div>\n<\/li>\n<li>\n<div class=\"flex mb-3\">\n<p class=\"font-helvetica55 tracking-normal text-gray-900 text-16\"><span dir=\"auto\">Con clasificaci\u00f3n para ca\u00eddas de 6 pies<\/span><\/p>\n<\/div>\n<\/li>\n<li>\n<div class=\"flex mb-3\">\n<p class=\"font-helvetica55 tracking-normal text-gray-900 text-16\"><span dir=\"auto\">Alcance del haz de 200 metros<\/span><\/p>\n<\/div>\n<\/li>\n<li>\n<div class=\"flex mb-3\">\n<p class=\"font-helvetica55 tracking-normal text-gray-900 text-16\"><span dir=\"auto\">Las luces alimentadas por USB REDLITHIUM\u2122 se mantienen m\u00e1s brillantes por m\u00e1s tiempo, ofrecen un tiempo de carga 2 veces m\u00e1s r\u00e1pido y le dan m\u00e1s tiempo de operaci\u00f3n con una bater\u00eda desmontable e intercambiable.<\/span><\/p>\n<\/div>\n<\/li>\n<\/ul>\n<\/div>\n","protected":false},"excerpt":{"rendered":"<p>Nuestra linterna de enfoque giratorio de 2,000 l\u00famenes recargable mediante USB REDLITHIUM\u2122 alimentada con USB REDLITHIUM\u2122 ofrece iluminaci\u00f3n HIGH OUTPUT\u2122 que se mantiene m\u00e1s brillante por m\u00e1s tiempo. Gracias a sus 2,000 L\u00daMENES y al CONTROL DE HAZ M\u00c1S R\u00c1PIDO, esta linterna ofrece el mejor rendimiento de su clase. Con 4 modos diferentes de SALIDA [&hellip;]<\/p>\n","protected":false},"featured_media":22377,"comment_status":"open","ping_status":"closed","template":"","meta":[],"product_brand":[],"product_cat":[195,190],"product_tag":[],"class_list":{"0":"post-22376","1":"product","2":"type-product","3":"status-publish","4":"has-post-thumbnail","6":"product_cat-iluminacion","7":"product_cat-milwaukee","9":"first","10":"instock","11":"taxable","12":"shipping-taxable","13":"purchasable","14":"product-type-simple","15":"add-to-wishlist-after_add_to_cart"},"aioseo_notices":[],"_links":{"self":[{"href":"https:\/\/electrovalcorp.com\/ecommerce\/wp-json\/wp\/v2\/product\/22376","targetHints":{"allow":["GET"]}}],"collection":[{"href":"https:\/\/electrovalcorp.com\/ecommerce\/wp-json\/wp\/v2\/product"}],"about":[{"href":"https:\/\/electrovalcorp.com\/ecommerce\/wp-json\/wp\/v2\/types\/product"}],"replies":[{"embeddable":true,"href":"https:\/\/electrovalcorp.com\/ecommerce\/wp-json\/wp\/v2\/comments?post=22376"}],"wp:featuredmedia":[{"embeddable":true,"href":"https:\/\/electrovalcorp.com\/ecommerce\/wp-json\/wp\/v2\/media\/22377"}],"wp:attachment":[{"href":"https:\/\/electrovalcorp.com\/ecommerce\/wp-json\/wp\/v2\/media?parent=22376"}],"wp:term":[{"taxonomy":"product_brand","embeddable":true,"href":"https:\/\/electrovalcorp.com\/ecommerce\/wp-json\/wp\/v2\/product_brand?post=22376"},{"taxonomy":"product_cat","embeddable":true,"href":"https:\/\/electrovalcorp.com\/ecommerce\/wp-json\/wp\/v2\/product_cat?post=22376"},{"taxonomy":"product_tag","embeddable":true,"href":"https:\/\/electrovalcorp.com\/ecommerce\/wp-json\/wp\/v2\/product_tag?post=22376"}],"curies":[{"name":"wp","href":"https:\/\/api.w.org\/{rel}","templated":true}]}}