{"id":22383,"date":"2026-04-09T16:07:15","date_gmt":"2026-04-09T16:07:15","guid":{"rendered":"https:\/\/electrovalcorp.com\/ecommerce\/?post_type=product&#038;p=22383"},"modified":"2026-04-09T16:07:16","modified_gmt":"2026-04-09T16:07:16","slug":"m12-esmeriladora-de-angulo-inalambrica-milwaukee-cod-2485-20","status":"publish","type":"product","link":"https:\/\/electrovalcorp.com\/ecommerce\/producto\/m12-esmeriladora-de-angulo-inalambrica-milwaukee-cod-2485-20\/","title":{"rendered":"M12 ESMERILADORA DE ANGULO INALAMBRICA- MILWAUKEE- COD: 2485-20"},"content":{"rendered":"<p>Nuestra rectificadora de troqueles de \u00e1ngulo recto M12 FUEL\u2122 de 1\/4&#8243; es la primera rectificadora de troqueles de \u00e1ngulo recto inal\u00e1mbrica que ofrece el rendimiento y el tama\u00f1o que exigen los mec\u00e1nicos de servicio profesionales. La rectificadora de troqueles ofrece 20\u00a0% m\u00e1s de potencia que la competencia neum\u00e1tica y cuenta con nuestra tecnolog\u00eda de motor sin escobillas POWERSTATE\u2122. La rectificadora de troqueles inal\u00e1mbrica le proporciona hasta 0.3\u00a0HP de rendimiento, el mejor tama\u00f1o de su clase para caber en lugares estrechos y le ofrece excelente movilidad y acceso. La rectificadora de troqueles M12\u2122 cuenta con control de velocidad de 4 modalidades y un gatillo de velocidad variable que le ofrece un control inigualable<\/p>\n","protected":false},"excerpt":{"rendered":"<p>Nuestra rectificadora de troqueles de \u00e1ngulo recto M12 FUEL\u2122 de 1\/4&#8243; es la primera rectificadora de troqueles de \u00e1ngulo recto inal\u00e1mbrica que ofrece el rendimiento y el tama\u00f1o que exigen los mec\u00e1nicos de servicio profesionales. La rectificadora de troqueles ofrece 20\u00a0% m\u00e1s de potencia que la competencia neum\u00e1tica y cuenta con nuestra tecnolog\u00eda de motor [&hellip;]<\/p>\n","protected":false},"featured_media":22384,"comment_status":"open","ping_status":"closed","template":"","meta":[],"product_brand":[],"product_cat":[188,191,190],"product_tag":[],"class_list":{"0":"post-22383","1":"product","2":"type-product","3":"status-publish","4":"has-post-thumbnail","6":"product_cat-herramienta-a-bateria","7":"product_cat-m12","8":"product_cat-milwaukee","10":"first","11":"instock","12":"taxable","13":"shipping-taxable","14":"purchasable","15":"product-type-simple","16":"add-to-wishlist-after_add_to_cart"},"aioseo_notices":[],"_links":{"self":[{"href":"https:\/\/electrovalcorp.com\/ecommerce\/wp-json\/wp\/v2\/product\/22383","targetHints":{"allow":["GET"]}}],"collection":[{"href":"https:\/\/electrovalcorp.com\/ecommerce\/wp-json\/wp\/v2\/product"}],"about":[{"href":"https:\/\/electrovalcorp.com\/ecommerce\/wp-json\/wp\/v2\/types\/product"}],"replies":[{"embeddable":true,"href":"https:\/\/electrovalcorp.com\/ecommerce\/wp-json\/wp\/v2\/comments?post=22383"}],"wp:featuredmedia":[{"embeddable":true,"href":"https:\/\/electrovalcorp.com\/ecommerce\/wp-json\/wp\/v2\/media\/22384"}],"wp:attachment":[{"href":"https:\/\/electrovalcorp.com\/ecommerce\/wp-json\/wp\/v2\/media?parent=22383"}],"wp:term":[{"taxonomy":"product_brand","embeddable":true,"href":"https:\/\/electrovalcorp.com\/ecommerce\/wp-json\/wp\/v2\/product_brand?post=22383"},{"taxonomy":"product_cat","embeddable":true,"href":"https:\/\/electrovalcorp.com\/ecommerce\/wp-json\/wp\/v2\/product_cat?post=22383"},{"taxonomy":"product_tag","embeddable":true,"href":"https:\/\/electrovalcorp.com\/ecommerce\/wp-json\/wp\/v2\/product_tag?post=22383"}],"curies":[{"name":"wp","href":"https:\/\/api.w.org\/{rel}","templated":true}]}}