{"id":22614,"date":"2026-05-04T17:14:27","date_gmt":"2026-05-04T17:14:27","guid":{"rendered":"https:\/\/electrovalcorp.com\/ecommerce\/?post_type=product&#038;p=22614"},"modified":"2026-05-04T17:14:28","modified_gmt":"2026-05-04T17:14:28","slug":"casco-ventilado-negro-milwaulee-cod-48-73-1210","status":"publish","type":"product","link":"https:\/\/electrovalcorp.com\/ecommerce\/producto\/casco-ventilado-negro-milwaulee-cod-48-73-1210\/","title":{"rendered":"CASCO VENTILADO NEGRO MILWAULEE- COD: 48-73-1210"},"content":{"rendered":"<p>Casco de seguridad con visera ventilada y suspensi\u00f3n de trinquete de 4 puntos (Tipo 1, Clase C) est\u00e1n dise\u00f1ados para adaptarse a su lugar de trabajo. Cuatro ranuras para accesorios BOLT\u2122 y dos ranuras universales permiten integrar f\u00e1cilmente equipo de protecci\u00f3n personal y accesorios adicionales. Todos los cascos MILWAUKEE\u00ae cuentan con una suspensi\u00f3n de trinquete para un ajuste r\u00e1pido y mayor comodidad. Incluyen una banda antisudor que absorbe la humedad para mayor confort. Estos cascos de construcci\u00f3n cuentan con la aprobaci\u00f3n ANSI\/CSA y se pueden personalizar con su logotipo.<\/p>\n<ul>\n<li>\n<div class=\"flex mb-3\">\n<p class=\"font-helvetica55 tracking-normal text-gray-900 text-16\"><span dir=\"auto\">Suspensi\u00f3n de trinquete: ajuste r\u00e1pido<\/span><\/p>\n<\/div>\n<\/li>\n<li>\n<div class=\"flex mb-3\">\n<p class=\"font-helvetica55 tracking-normal text-gray-900 text-16\"><span dir=\"auto\">6 ranuras para accesorios para un acceso r\u00e1pido<\/span><\/p>\n<\/div>\n<\/li>\n<li>\n<div class=\"flex mb-3\">\n<p class=\"font-helvetica55 tracking-normal text-gray-900 text-16\"><span dir=\"auto\">Banda para el sudor que absorbe la humedad y se seca r\u00e1pidamente.<\/span><\/p>\n<\/div>\n<\/li>\n<li>\n<div class=\"flex mb-3\">\n<p class=\"font-helvetica55 tracking-normal text-gray-900 text-16\"><span dir=\"auto\">Accesorios de seguridad simult\u00e1neamente: protecci\u00f3n para la cabeza y accesorios BOLT\u2122<\/span><\/p>\n<\/div>\n<\/li>\n<\/ul>\n<p>&nbsp;<\/p>\n","protected":false},"excerpt":{"rendered":"<p>Casco de seguridad con visera ventilada y suspensi\u00f3n de trinquete de 4 puntos (Tipo 1, Clase C) est\u00e1n dise\u00f1ados para adaptarse a su lugar de trabajo. Cuatro ranuras para accesorios BOLT\u2122 y dos ranuras universales permiten integrar f\u00e1cilmente equipo de protecci\u00f3n personal y accesorios adicionales. Todos los cascos MILWAUKEE\u00ae cuentan con una suspensi\u00f3n de trinquete [&hellip;]<\/p>\n","protected":false},"featured_media":22615,"comment_status":"open","ping_status":"closed","template":"","meta":[],"product_brand":[],"product_cat":[197,200,190],"product_tag":[],"class_list":{"0":"post-22614","1":"product","2":"type-product","3":"status-publish","4":"has-post-thumbnail","6":"product_cat-accesorios","7":"product_cat-materiales","8":"product_cat-milwaukee","10":"first","11":"instock","12":"taxable","13":"shipping-taxable","14":"purchasable","15":"product-type-simple","16":"add-to-wishlist-after_add_to_cart"},"aioseo_notices":[],"_links":{"self":[{"href":"https:\/\/electrovalcorp.com\/ecommerce\/wp-json\/wp\/v2\/product\/22614","targetHints":{"allow":["GET"]}}],"collection":[{"href":"https:\/\/electrovalcorp.com\/ecommerce\/wp-json\/wp\/v2\/product"}],"about":[{"href":"https:\/\/electrovalcorp.com\/ecommerce\/wp-json\/wp\/v2\/types\/product"}],"replies":[{"embeddable":true,"href":"https:\/\/electrovalcorp.com\/ecommerce\/wp-json\/wp\/v2\/comments?post=22614"}],"wp:featuredmedia":[{"embeddable":true,"href":"https:\/\/electrovalcorp.com\/ecommerce\/wp-json\/wp\/v2\/media\/22615"}],"wp:attachment":[{"href":"https:\/\/electrovalcorp.com\/ecommerce\/wp-json\/wp\/v2\/media?parent=22614"}],"wp:term":[{"taxonomy":"product_brand","embeddable":true,"href":"https:\/\/electrovalcorp.com\/ecommerce\/wp-json\/wp\/v2\/product_brand?post=22614"},{"taxonomy":"product_cat","embeddable":true,"href":"https:\/\/electrovalcorp.com\/ecommerce\/wp-json\/wp\/v2\/product_cat?post=22614"},{"taxonomy":"product_tag","embeddable":true,"href":"https:\/\/electrovalcorp.com\/ecommerce\/wp-json\/wp\/v2\/product_tag?post=22614"}],"curies":[{"name":"wp","href":"https:\/\/api.w.org\/{rel}","templated":true}]}}