{"id":22617,"date":"2026-05-04T17:38:01","date_gmt":"2026-05-04T17:38:01","guid":{"rendered":"https:\/\/electrovalcorp.com\/ecommerce\/?post_type=product&#038;p=22617"},"modified":"2026-05-04T17:43:03","modified_gmt":"2026-05-04T17:43:03","slug":"gafas-antirayaduras-claras-marca-milwaukee-modelo-48-73-2011","status":"publish","type":"product","link":"https:\/\/electrovalcorp.com\/ecommerce\/producto\/gafas-antirayaduras-claras-marca-milwaukee-modelo-48-73-2011\/","title":{"rendered":"GAFAS ANTIRAYADURAS CLARAS.  MARCA:  MILWAUKEE.  MODELO:  48-73-2011"},"content":{"rendered":"<p>Gafas de seguridad antirrayas est\u00e1n dise\u00f1adas para brindar comodidad durante todo el d\u00eda gracias a sus lentes resistentes a los ara\u00f1azos. Este equipo de protecci\u00f3n ocular cuenta con un revestimiento endurecido antirrayas que protege las lentes de las exigencias del lugar de trabajo. Las gafas de seguridad incorporan patillas c\u00f3modas dise\u00f1adas para un uso prolongado. Adem\u00e1s, cuentan con un puente nasal flexible integrado que proporciona una comodidad excepcional.<\/p>\n<ul>\n<li class=\"basis-full md:basis-[45.5%] mb-3 sm:mb-9 text-gray-900 relative font-helvetica55 last:mb-0 text-14 sm:text-16 md:text-18 md:[&amp;:nth-child(2n)]:ml-[8%] flex\"><span dir=\"auto\">Antirrayas. Comodidad durante todo el d\u00eda.<\/span><\/li>\n<li class=\"basis-full md:basis-[45.5%] mb-3 sm:mb-9 text-gray-900 relative font-helvetica55 last:mb-0 text-14 sm:text-16 md:text-18 md:[&amp;:nth-child(2n)]:ml-[8%] flex\">\n<div class=\"mr-4\">El revestimiento antiara\u00f1azos protege las lentes.<\/div>\n<\/li>\n<li class=\"basis-full md:basis-[45.5%] mb-3 sm:mb-9 text-gray-900 relative font-helvetica55 last:mb-0 text-14 sm:text-16 md:text-18 md:[&amp;:nth-child(2n)]:ml-[8%] flex\">\n<div class=\"mr-4\">Patillas c\u00f3modas &#8211; Uso prolongado<\/div>\n<\/li>\n<li class=\"basis-full md:basis-[45.5%] mb-3 sm:mb-9 text-gray-900 relative font-helvetica55 last:mb-0 text-14 sm:text-16 md:text-18 md:[&amp;:nth-child(2n)]:ml-[8%] flex\">\n<div class=\"mr-4\">Puente nasal flexible<\/div>\n<\/li>\n<li class=\"basis-full md:basis-[45.5%] mb-3 sm:mb-9 text-gray-900 relative font-helvetica55 last:mb-0 text-14 sm:text-16 md:text-18 md:[&amp;:nth-child(2n)]:ml-[8%] flex\">\n<div class=\"mr-4\">ANSI\/ISEA Z87.1 (+) &#8211; 2015<\/div>\n<\/li>\n<li class=\"basis-full md:basis-[45.5%] mb-3 sm:mb-9 text-gray-900 relative font-helvetica55 last:mb-0 text-14 sm:text-16 md:text-18 md:[&amp;:nth-child(2n)]:ml-[8%] flex\">\n<div class=\"mr-4\">CSA Z94.3<\/div>\n<\/li>\n<li class=\"basis-full md:basis-[45.5%] mb-3 sm:mb-9 text-gray-900 relative font-helvetica55 last:mb-0 text-14 sm:text-16 md:text-18 md:[&amp;:nth-child(2n)]:ml-[8%] flex\">\n<div class=\"mr-4\">Probado por terceros<\/div>\n<\/li>\n<\/ul>\n","protected":false},"excerpt":{"rendered":"<p>Gafas de seguridad antirrayas est\u00e1n dise\u00f1adas para brindar comodidad durante todo el d\u00eda gracias a sus lentes resistentes a los ara\u00f1azos. Este equipo de protecci\u00f3n ocular cuenta con un revestimiento endurecido antirrayas que protege las lentes de las exigencias del lugar de trabajo. Las gafas de seguridad incorporan patillas c\u00f3modas dise\u00f1adas para un uso prolongado. [&hellip;]<\/p>\n","protected":false},"featured_media":22619,"comment_status":"open","ping_status":"closed","template":"","meta":[],"product_brand":[],"product_cat":[197,200,190],"product_tag":[],"class_list":{"0":"post-22617","1":"product","2":"type-product","3":"status-publish","4":"has-post-thumbnail","6":"product_cat-accesorios","7":"product_cat-materiales","8":"product_cat-milwaukee","10":"first","11":"instock","12":"taxable","13":"shipping-taxable","14":"purchasable","15":"product-type-simple","16":"add-to-wishlist-after_add_to_cart"},"aioseo_notices":[],"_links":{"self":[{"href":"https:\/\/electrovalcorp.com\/ecommerce\/wp-json\/wp\/v2\/product\/22617","targetHints":{"allow":["GET"]}}],"collection":[{"href":"https:\/\/electrovalcorp.com\/ecommerce\/wp-json\/wp\/v2\/product"}],"about":[{"href":"https:\/\/electrovalcorp.com\/ecommerce\/wp-json\/wp\/v2\/types\/product"}],"replies":[{"embeddable":true,"href":"https:\/\/electrovalcorp.com\/ecommerce\/wp-json\/wp\/v2\/comments?post=22617"}],"wp:featuredmedia":[{"embeddable":true,"href":"https:\/\/electrovalcorp.com\/ecommerce\/wp-json\/wp\/v2\/media\/22619"}],"wp:attachment":[{"href":"https:\/\/electrovalcorp.com\/ecommerce\/wp-json\/wp\/v2\/media?parent=22617"}],"wp:term":[{"taxonomy":"product_brand","embeddable":true,"href":"https:\/\/electrovalcorp.com\/ecommerce\/wp-json\/wp\/v2\/product_brand?post=22617"},{"taxonomy":"product_cat","embeddable":true,"href":"https:\/\/electrovalcorp.com\/ecommerce\/wp-json\/wp\/v2\/product_cat?post=22617"},{"taxonomy":"product_tag","embeddable":true,"href":"https:\/\/electrovalcorp.com\/ecommerce\/wp-json\/wp\/v2\/product_tag?post=22617"}],"curies":[{"name":"wp","href":"https:\/\/api.w.org\/{rel}","templated":true}]}}