{"id":22630,"date":"2026-05-05T16:15:27","date_gmt":"2026-05-05T16:15:27","guid":{"rendered":"https:\/\/electrovalcorp.com\/ecommerce\/?post_type=product&#038;p=22630"},"modified":"2026-05-05T16:15:27","modified_gmt":"2026-05-05T16:15:27","slug":"chaleco-de-alta-visivilidad-milwaukee-cod-48-73-5161","status":"publish","type":"product","link":"https:\/\/electrovalcorp.com\/ecommerce\/producto\/chaleco-de-alta-visivilidad-milwaukee-cod-48-73-5161\/","title":{"rendered":"CHALECO DE ALTA VISIVILIDAD MILWAUKEE- COD: 48-73-5161"},"content":{"rendered":"<ul>\n<li class=\"basis-full md:basis-[45.5%] mb-3 sm:mb-9 text-gray-900 relative font-helvetica55 last:mb-0 text-14 sm:text-16 md:text-18 md:[&amp;:nth-child(2n)]:ml-[8%] flex\"><span dir=\"auto\">Construcci\u00f3n resistente al desgarro &#8211; Tejido 600D<\/span><\/li>\n<li class=\"basis-full md:basis-[45.5%] mb-3 sm:mb-9 text-gray-900 relative font-helvetica55 last:mb-0 text-14 sm:text-16 md:text-18 md:[&amp;:nth-child(2n)]:ml-[8%] flex\">\n<div class=\"mr-4\">Bolsillos y bordes reforzados con material adicional resistente al desgarro de 600D.<\/div>\n<\/li>\n<li class=\"basis-full md:basis-[45.5%] mb-3 sm:mb-9 text-gray-900 relative font-helvetica55 last:mb-0 text-14 sm:text-16 md:text-18 md:[&amp;:nth-child(2n)]:ml-[8%] flex\">\n<div class=\"mr-4\">Absorci\u00f3n de la humedad: Mantente fresco y seco r\u00e1pidamente.<\/div>\n<\/li>\n<li class=\"basis-full md:basis-[45.5%] mb-3 sm:mb-9 text-gray-900 relative font-helvetica55 last:mb-0 text-14 sm:text-16 md:text-18 md:[&amp;:nth-child(2n)]:ml-[8%] flex\">\n<div class=\"mr-4\">Antimicrobiano. Previene el mal olor y las bacterias.<\/div>\n<\/li>\n<li class=\"basis-full md:basis-[45.5%] mb-3 sm:mb-9 text-gray-900 relative font-helvetica55 last:mb-0 text-14 sm:text-16 md:text-18 md:[&amp;:nth-child(2n)]:ml-[8%] flex\">\n<div class=\"mr-4\">Bolsillo trasero para tableta con acceso por ambos lados.<\/div>\n<\/li>\n<li class=\"basis-full md:basis-[45.5%] mb-3 sm:mb-9 text-gray-900 relative font-helvetica55 last:mb-0 text-14 sm:text-16 md:text-18 md:[&amp;:nth-child(2n)]:ml-[8%] flex\">Cuello acolchado c\u00f3modo<\/li>\n<li class=\"basis-full md:basis-[45.5%] mb-3 sm:mb-9 text-gray-900 relative font-helvetica55 last:mb-0 text-14 sm:text-16 md:text-18 md:[&amp;:nth-child(2n)]:ml-[8%] flex\">\n<div class=\"mr-4\">Cierre de cremallera resistente<\/div>\n<\/li>\n<li class=\"basis-full md:basis-[45.5%] mb-3 sm:mb-9 text-gray-900 relative font-helvetica55 last:mb-0 text-14 sm:text-16 md:text-18 md:[&amp;:nth-child(2n)]:ml-[8%] flex\">\n<div class=\"mr-4\">Portatarjetas de identificaci\u00f3n transparente y cierre de velcro.<\/div>\n<\/li>\n<li class=\"basis-full md:basis-[45.5%] mb-3 sm:mb-9 text-gray-900 relative font-helvetica55 last:mb-0 text-14 sm:text-16 md:text-18 md:[&amp;:nth-child(2n)]:ml-[8%] flex\">\n<div class=\"mr-4\">Ajuste interno doble y r\u00e1pido del tama\u00f1o, mejor ajuste.<\/div>\n<\/li>\n<li class=\"basis-full md:basis-[45.5%] mb-3 sm:mb-9 text-gray-900 relative font-helvetica55 last:mb-0 text-14 sm:text-16 md:text-18 md:[&amp;:nth-child(2n)]:ml-[8%] flex\">\n<div class=\"mr-4\">Protecci\u00f3n contra ca\u00eddas (Paso a trav\u00e9s)<\/div>\n<\/li>\n<\/ul>\n","protected":false},"excerpt":{"rendered":"<p>Construcci\u00f3n resistente al desgarro &#8211; Tejido 600D Bolsillos y bordes reforzados con material adicional resistente al desgarro de 600D. Absorci\u00f3n de la humedad: Mantente fresco y seco r\u00e1pidamente. Antimicrobiano. Previene el mal olor y las bacterias. Bolsillo trasero para tableta con acceso por ambos lados. Cuello acolchado c\u00f3modo Cierre de cremallera resistente Portatarjetas de identificaci\u00f3n [&hellip;]<\/p>\n","protected":false},"featured_media":22632,"comment_status":"open","ping_status":"closed","template":"","meta":[],"product_brand":[],"product_cat":[197,200,190],"product_tag":[],"class_list":{"0":"post-22630","1":"product","2":"type-product","3":"status-publish","4":"has-post-thumbnail","6":"product_cat-accesorios","7":"product_cat-materiales","8":"product_cat-milwaukee","10":"first","11":"instock","12":"taxable","13":"shipping-taxable","14":"purchasable","15":"product-type-simple","16":"add-to-wishlist-after_add_to_cart"},"aioseo_notices":[],"_links":{"self":[{"href":"https:\/\/electrovalcorp.com\/ecommerce\/wp-json\/wp\/v2\/product\/22630","targetHints":{"allow":["GET"]}}],"collection":[{"href":"https:\/\/electrovalcorp.com\/ecommerce\/wp-json\/wp\/v2\/product"}],"about":[{"href":"https:\/\/electrovalcorp.com\/ecommerce\/wp-json\/wp\/v2\/types\/product"}],"replies":[{"embeddable":true,"href":"https:\/\/electrovalcorp.com\/ecommerce\/wp-json\/wp\/v2\/comments?post=22630"}],"wp:featuredmedia":[{"embeddable":true,"href":"https:\/\/electrovalcorp.com\/ecommerce\/wp-json\/wp\/v2\/media\/22632"}],"wp:attachment":[{"href":"https:\/\/electrovalcorp.com\/ecommerce\/wp-json\/wp\/v2\/media?parent=22630"}],"wp:term":[{"taxonomy":"product_brand","embeddable":true,"href":"https:\/\/electrovalcorp.com\/ecommerce\/wp-json\/wp\/v2\/product_brand?post=22630"},{"taxonomy":"product_cat","embeddable":true,"href":"https:\/\/electrovalcorp.com\/ecommerce\/wp-json\/wp\/v2\/product_cat?post=22630"},{"taxonomy":"product_tag","embeddable":true,"href":"https:\/\/electrovalcorp.com\/ecommerce\/wp-json\/wp\/v2\/product_tag?post=22630"}],"curies":[{"name":"wp","href":"https:\/\/api.w.org\/{rel}","templated":true}]}}