{"id":22639,"date":"2026-05-05T18:05:00","date_gmt":"2026-05-05T18:05:00","guid":{"rendered":"https:\/\/electrovalcorp.com\/ecommerce\/?post_type=product&#038;p=22639"},"modified":"2026-05-05T18:05:02","modified_gmt":"2026-05-05T18:05:02","slug":"set-de-sierras-para-sawzall-12pc-ultimate-demolition-milwaukee-cod-49-22-1129","status":"publish","type":"product","link":"https:\/\/electrovalcorp.com\/ecommerce\/producto\/set-de-sierras-para-sawzall-12pc-ultimate-demolition-milwaukee-cod-49-22-1129\/","title":{"rendered":"SET DE SIERRAS PARA SAWZALL 12PC ULTIMATE DEMOLITION- MILWAUKEE- COD: 49-22-1129"},"content":{"rendered":"<p>El juego de 12 hojas para sierra rec\u00edproca Milwaukee\u00ae incluye una selecci\u00f3n de nuestras hojas de demolici\u00f3n m\u00e1s populares para una amplia gama de aplicaciones profesionales. Las hojas de demolici\u00f3n Milwaukee\u00ae son m\u00e1s gruesas para una m\u00e1xima durabilidad y m\u00e1s altas para cortes m\u00e1s rectos. El juego incluye The Ax\u2122 para cortar madera con clavos incrustados, The Wrecker\u2122 para cortes de demolici\u00f3n de uso general y The Torch\u00ae para cortar metal. Adem\u00e1s, incluye un innovador estuche resistente para guardar las hojas c\u00f3modamente en la obra.<\/p>\n<ul>\n<li>\n<div class=\"flex mb-3\">\n<p class=\"font-helvetica55 tracking-normal text-gray-900 text-16\"><span dir=\"auto\">Perfil de hoja de 2,5 cm de altura para cortes m\u00e1s rectos.<\/span><\/p>\n<\/div>\n<\/li>\n<li>\n<div class=\"flex mb-3\">\n<p class=\"font-helvetica55 tracking-normal text-gray-900 text-16\"><span dir=\"auto\">El \u00e1ngulo de doble alivio reduce la tensi\u00f3n en los dientes para una mayor durabilidad.<\/span><\/p>\n<\/div>\n<\/li>\n<li>\n<div class=\"flex mb-3\">\n<p class=\"font-helvetica55 tracking-normal text-gray-900 text-16\"><span dir=\"auto\">Incluye nuevas hojas de madera con NAIL GUARD\u2122 y FANG TIP\u2122.<\/span><\/p>\n<\/div>\n<\/li>\n<li>\n<div class=\"flex mb-3\">\n<p class=\"font-helvetica55 tracking-normal text-gray-900 text-16\"><span dir=\"auto\">Estuche de almacenamiento resistente para obras, ajustable para guardar cuchillas de hasta 9 pulgadas.<\/span><\/p>\n<\/div>\n<\/li>\n<li>\n<div class=\"flex mb-3\">\n<p class=\"font-helvetica55 tracking-normal text-gray-900 text-16\"><span dir=\"auto\">Dientes bimet\u00e1licos Matrix II para una mayor durabilidad.<\/span><\/p>\n<\/div>\n<\/li>\n<\/ul>\n","protected":false},"excerpt":{"rendered":"<p>El juego de 12 hojas para sierra rec\u00edproca Milwaukee\u00ae incluye una selecci\u00f3n de nuestras hojas de demolici\u00f3n m\u00e1s populares para una amplia gama de aplicaciones profesionales. Las hojas de demolici\u00f3n Milwaukee\u00ae son m\u00e1s gruesas para una m\u00e1xima durabilidad y m\u00e1s altas para cortes m\u00e1s rectos. El juego incluye The Ax\u2122 para cortar madera con clavos [&hellip;]<\/p>\n","protected":false},"featured_media":22643,"comment_status":"open","ping_status":"closed","template":"","meta":[],"product_brand":[],"product_cat":[197,200,190],"product_tag":[],"class_list":{"0":"post-22639","1":"product","2":"type-product","3":"status-publish","4":"has-post-thumbnail","6":"product_cat-accesorios","7":"product_cat-materiales","8":"product_cat-milwaukee","10":"first","11":"instock","12":"taxable","13":"shipping-taxable","14":"purchasable","15":"product-type-simple","16":"add-to-wishlist-after_add_to_cart"},"aioseo_notices":[],"_links":{"self":[{"href":"https:\/\/electrovalcorp.com\/ecommerce\/wp-json\/wp\/v2\/product\/22639","targetHints":{"allow":["GET"]}}],"collection":[{"href":"https:\/\/electrovalcorp.com\/ecommerce\/wp-json\/wp\/v2\/product"}],"about":[{"href":"https:\/\/electrovalcorp.com\/ecommerce\/wp-json\/wp\/v2\/types\/product"}],"replies":[{"embeddable":true,"href":"https:\/\/electrovalcorp.com\/ecommerce\/wp-json\/wp\/v2\/comments?post=22639"}],"wp:featuredmedia":[{"embeddable":true,"href":"https:\/\/electrovalcorp.com\/ecommerce\/wp-json\/wp\/v2\/media\/22643"}],"wp:attachment":[{"href":"https:\/\/electrovalcorp.com\/ecommerce\/wp-json\/wp\/v2\/media?parent=22639"}],"wp:term":[{"taxonomy":"product_brand","embeddable":true,"href":"https:\/\/electrovalcorp.com\/ecommerce\/wp-json\/wp\/v2\/product_brand?post=22639"},{"taxonomy":"product_cat","embeddable":true,"href":"https:\/\/electrovalcorp.com\/ecommerce\/wp-json\/wp\/v2\/product_cat?post=22639"},{"taxonomy":"product_tag","embeddable":true,"href":"https:\/\/electrovalcorp.com\/ecommerce\/wp-json\/wp\/v2\/product_tag?post=22639"}],"curies":[{"name":"wp","href":"https:\/\/api.w.org\/{rel}","templated":true}]}}