{"id":22645,"date":"2026-05-05T18:35:40","date_gmt":"2026-05-05T18:35:40","guid":{"rendered":"https:\/\/electrovalcorp.com\/ecommerce\/?post_type=product&#038;p=22645"},"modified":"2026-05-05T18:35:41","modified_gmt":"2026-05-05T18:35:41","slug":"martillo-perforador-sds-max-de-1-9-16-milwaukee-cod-5517-21","status":"publish","type":"product","link":"https:\/\/electrovalcorp.com\/ecommerce\/producto\/martillo-perforador-sds-max-de-1-9-16-milwaukee-cod-5517-21\/","title":{"rendered":"MARTILLO PERFORADOR SDS MAX DE 1-9\/16&#8243; MILWAUKEE- COD: 5517-21"},"content":{"rendered":"<p>Martillo perforador rotativo SDS MAX de 1-9\/16\u201d est\u00e1 dise\u00f1ado para perforar y cincelar concreto durante todo el d\u00eda. Su potente motor de 14 A ofrece 5.6 ft-lbs de energ\u00eda de impacto para aplicaciones exigentes en cualquier orientaci\u00f3n. Nuestro sistema antivibraci\u00f3n AVS est\u00e1 dise\u00f1ado para reducir la vibraci\u00f3n, limitar la fatiga y aumentar la productividad en el lugar de trabajo.<\/p>\n<ul>\n<li>\n<div class=\"flex mb-3\">\n<p class=\"font-helvetica55 tracking-normal text-gray-900 text-16\"><span dir=\"auto\">Potente motor de 14 amperios que proporciona 5,6 ft-lbs (7,6 J) de energ\u00eda de impacto a 488 RPM y 3300 BPM.<\/span><\/p>\n<\/div>\n<\/li>\n<li>\n<div class=\"flex mb-3\">\n<p class=\"font-helvetica55 tracking-normal text-gray-900 text-16\"><span dir=\"auto\">El sistema antivibraci\u00f3n AVS minimiza la vibraci\u00f3n del mango para una m\u00e1xima comodidad.<\/span><\/p>\n<\/div>\n<\/li>\n<li>\n<div class=\"flex mb-3\">\n<p class=\"font-helvetica55 tracking-normal text-gray-900 text-16\"><span dir=\"auto\">El arranque suave permite un control y una precisi\u00f3n m\u00e1ximos al encender el equipo.<\/span><\/p>\n<\/div>\n<\/li>\n<li>\n<div class=\"flex mb-3\">\n<p class=\"font-helvetica55 tracking-normal text-gray-900 text-16\"><span dir=\"auto\">El embrague mec\u00e1nico protege la herramienta en caso de atasco.<\/span><\/p>\n<\/div>\n<\/li>\n<li>\n<div class=\"flex mb-3\">\n<p class=\"font-helvetica55 tracking-normal text-gray-900 text-16\"><span dir=\"auto\">Funcionamiento en 2 modos: solo para martillo rotativo y solo para martillo.<\/span><\/p>\n<\/div>\n<\/li>\n<\/ul>\n","protected":false},"excerpt":{"rendered":"<p>Martillo perforador rotativo SDS MAX de 1-9\/16\u201d est\u00e1 dise\u00f1ado para perforar y cincelar concreto durante todo el d\u00eda. Su potente motor de 14 A ofrece 5.6 ft-lbs de energ\u00eda de impacto para aplicaciones exigentes en cualquier orientaci\u00f3n. Nuestro sistema antivibraci\u00f3n AVS est\u00e1 dise\u00f1ado para reducir la vibraci\u00f3n, limitar la fatiga y aumentar la productividad en [&hellip;]<\/p>\n","protected":false},"featured_media":22647,"comment_status":"open","ping_status":"closed","template":"","meta":[],"product_brand":[],"product_cat":[188,189,190],"product_tag":[],"class_list":{"0":"post-22645","1":"product","2":"type-product","3":"status-publish","4":"has-post-thumbnail","6":"product_cat-herramienta-a-bateria","7":"product_cat-m18","8":"product_cat-milwaukee","10":"first","11":"instock","12":"taxable","13":"shipping-taxable","14":"purchasable","15":"product-type-simple","16":"add-to-wishlist-after_add_to_cart"},"aioseo_notices":[],"_links":{"self":[{"href":"https:\/\/electrovalcorp.com\/ecommerce\/wp-json\/wp\/v2\/product\/22645","targetHints":{"allow":["GET"]}}],"collection":[{"href":"https:\/\/electrovalcorp.com\/ecommerce\/wp-json\/wp\/v2\/product"}],"about":[{"href":"https:\/\/electrovalcorp.com\/ecommerce\/wp-json\/wp\/v2\/types\/product"}],"replies":[{"embeddable":true,"href":"https:\/\/electrovalcorp.com\/ecommerce\/wp-json\/wp\/v2\/comments?post=22645"}],"wp:featuredmedia":[{"embeddable":true,"href":"https:\/\/electrovalcorp.com\/ecommerce\/wp-json\/wp\/v2\/media\/22647"}],"wp:attachment":[{"href":"https:\/\/electrovalcorp.com\/ecommerce\/wp-json\/wp\/v2\/media?parent=22645"}],"wp:term":[{"taxonomy":"product_brand","embeddable":true,"href":"https:\/\/electrovalcorp.com\/ecommerce\/wp-json\/wp\/v2\/product_brand?post=22645"},{"taxonomy":"product_cat","embeddable":true,"href":"https:\/\/electrovalcorp.com\/ecommerce\/wp-json\/wp\/v2\/product_cat?post=22645"},{"taxonomy":"product_tag","embeddable":true,"href":"https:\/\/electrovalcorp.com\/ecommerce\/wp-json\/wp\/v2\/product_tag?post=22645"}],"curies":[{"name":"wp","href":"https:\/\/api.w.org\/{rel}","templated":true}]}}