{"id":22655,"date":"2026-05-06T16:15:11","date_gmt":"2026-05-06T16:15:11","guid":{"rendered":"https:\/\/electrovalcorp.com\/ecommerce\/?post_type=product&#038;p=22655"},"modified":"2026-05-06T16:15:11","modified_gmt":"2026-05-06T16:15:11","slug":"alicate-de-corte-diagonal-de-6-marca-milwaukee-modelo-mt556","status":"publish","type":"product","link":"https:\/\/electrovalcorp.com\/ecommerce\/producto\/alicate-de-corte-diagonal-de-6-marca-milwaukee-modelo-mt556\/","title":{"rendered":"ALICATE DE CORTE DIAGONAL DE 6&#8243; MARCA: MILWAUKEE MODELO: MT556"},"content":{"rendered":"<p>Alicate de corte diagonal Milwaukee\u00ae (EE. UU.) ofrecen cortes sencillos y un filo duradero para el usuario profesional. Dise\u00f1ados con un punto de pivote optimizado, proporcionan el mejor apalancamiento para cortes dif\u00edciles en materiales como cables, tornillos y otros herrajes comunes. Nuestros alicates de corte diagonal ofrecen la confianza de una larga vida \u00fatil gracias a su filo endurecido por l\u00e1ser.<\/p>\n<ul>\n<li class=\"basis-full md:basis-[45.5%] mb-3 sm:mb-9 text-gray-900 relative font-helvetica55 last:mb-0 text-14 sm:text-16 md:text-18 md:[&amp;:nth-child(2n)]:ml-[8%] flex\"><span dir=\"auto\">La mejor palanca para recortes dif\u00edciles<\/span><\/li>\n<li class=\"basis-full md:basis-[45.5%] mb-3 sm:mb-9 text-gray-900 relative font-helvetica55 last:mb-0 text-14 sm:text-16 md:text-18 md:[&amp;:nth-child(2n)]:ml-[8%] flex\">\n<div class=\"mr-4\">Larga vida \u00fatil: borde endurecido por l\u00e1ser.<\/div>\n<\/li>\n<li class=\"basis-full md:basis-[45.5%] mb-3 sm:mb-9 text-gray-900 relative font-helvetica55 last:mb-0 text-14 sm:text-16 md:text-18 md:[&amp;:nth-child(2n)]:ml-[8%] flex\">\n<div class=\"mr-4\">Apertura y cierre m\u00e1s suaves<\/div>\n<\/li>\n<li class=\"basis-full md:basis-[45.5%] mb-3 sm:mb-9 text-gray-900 relative font-helvetica55 last:mb-0 text-14 sm:text-16 md:text-18 md:[&amp;:nth-child(2n)]:ml-[8%] flex\">\n<div class=\"mr-4\">Acero duradero forjado a presi\u00f3n<\/div>\n<\/li>\n<li class=\"basis-full md:basis-[45.5%] mb-3 sm:mb-9 text-gray-900 relative font-helvetica55 last:mb-0 text-14 sm:text-16 md:text-18 md:[&amp;:nth-child(2n)]:ml-[8%] flex\">\n<div class=\"mr-4\">Acceso m\u00e1s f\u00e1cil y cortes al ras: punta c\u00f3nica<\/div>\n<\/li>\n<li class=\"basis-full md:basis-[45.5%] mb-3 sm:mb-9 text-gray-900 relative font-helvetica55 last:mb-0 text-14 sm:text-16 md:text-18 md:[&amp;:nth-child(2n)]:ml-[8%] flex\">\n<div class=\"mr-4\">Cable de seguridad listo<\/div>\n<\/li>\n<\/ul>\n","protected":false},"excerpt":{"rendered":"<p>Alicate de corte diagonal Milwaukee\u00ae (EE. UU.) ofrecen cortes sencillos y un filo duradero para el usuario profesional. Dise\u00f1ados con un punto de pivote optimizado, proporcionan el mejor apalancamiento para cortes dif\u00edciles en materiales como cables, tornillos y otros herrajes comunes. Nuestros alicates de corte diagonal ofrecen la confianza de una larga vida \u00fatil gracias [&hellip;]<\/p>\n","protected":false},"featured_media":22657,"comment_status":"open","ping_status":"closed","template":"","meta":[],"product_brand":[],"product_cat":[193,190],"product_tag":[],"class_list":{"0":"post-22655","1":"product","2":"type-product","3":"status-publish","4":"has-post-thumbnail","6":"product_cat-herramienta-manual","7":"product_cat-milwaukee","9":"first","10":"instock","11":"taxable","12":"shipping-taxable","13":"purchasable","14":"product-type-simple","15":"add-to-wishlist-after_add_to_cart"},"aioseo_notices":[],"_links":{"self":[{"href":"https:\/\/electrovalcorp.com\/ecommerce\/wp-json\/wp\/v2\/product\/22655","targetHints":{"allow":["GET"]}}],"collection":[{"href":"https:\/\/electrovalcorp.com\/ecommerce\/wp-json\/wp\/v2\/product"}],"about":[{"href":"https:\/\/electrovalcorp.com\/ecommerce\/wp-json\/wp\/v2\/types\/product"}],"replies":[{"embeddable":true,"href":"https:\/\/electrovalcorp.com\/ecommerce\/wp-json\/wp\/v2\/comments?post=22655"}],"wp:featuredmedia":[{"embeddable":true,"href":"https:\/\/electrovalcorp.com\/ecommerce\/wp-json\/wp\/v2\/media\/22657"}],"wp:attachment":[{"href":"https:\/\/electrovalcorp.com\/ecommerce\/wp-json\/wp\/v2\/media?parent=22655"}],"wp:term":[{"taxonomy":"product_brand","embeddable":true,"href":"https:\/\/electrovalcorp.com\/ecommerce\/wp-json\/wp\/v2\/product_brand?post=22655"},{"taxonomy":"product_cat","embeddable":true,"href":"https:\/\/electrovalcorp.com\/ecommerce\/wp-json\/wp\/v2\/product_cat?post=22655"},{"taxonomy":"product_tag","embeddable":true,"href":"https:\/\/electrovalcorp.com\/ecommerce\/wp-json\/wp\/v2\/product_tag?post=22655"}],"curies":[{"name":"wp","href":"https:\/\/api.w.org\/{rel}","templated":true}]}}