{"id":22728,"date":"2026-05-12T18:37:05","date_gmt":"2026-05-12T18:37:05","guid":{"rendered":"https:\/\/electrovalcorp.com\/ecommerce\/?post_type=product&#038;p=22728"},"modified":"2026-05-12T18:37:05","modified_gmt":"2026-05-12T18:37:05","slug":"analizador-de-circuitos-afci-y-gfci-klein-tools-cod-rt390","status":"publish","type":"product","link":"https:\/\/electrovalcorp.com\/ecommerce\/producto\/analizador-de-circuitos-afci-y-gfci-klein-tools-cod-rt390\/","title":{"rendered":"ANALIZADOR DE CIRCUITOS AFCI Y GFCI- KLEIN TOOLS- COD: RT390"},"content":{"rendered":"<ul class=\"features-list no-indent\">\n<li><span dir=\"auto\">Analizador de circuitos con pantalla LCD a color de gran tama\u00f1o que muestra resultados f\u00e1ciles de entender para fallas de cableado, AFCI, GFCI, ca\u00eddas de voltaje y tiempo de disparo de dispositivos.<\/span><\/li>\n<li><span dir=\"auto\">Detectar e identificar fallas comunes en el cableado de tomacorrientes el\u00e9ctricos est\u00e1ndar, AFCI y GFCI.<\/span><\/li>\n<li><span dir=\"auto\">Detecta fallos de cableado dobles (neutro abierto\/tierra abierta).<\/span><\/li>\n<li><span dir=\"auto\">Inspeccione los dispositivos AFCI y GFCI; esto incluye el tiempo de disparo y la corriente de disparo.<\/span><\/li>\n<li><span dir=\"auto\">Pruebas de carga de 12 A, 15 A y 20 A para medir las ca\u00eddas de voltaje porcentuales.<\/span><\/li>\n<li><span dir=\"auto\">Se apaga autom\u00e1ticamente despu\u00e9s de 5 minutos de inactividad para ahorrar bater\u00eda.<\/span><\/li>\n<li><span dir=\"auto\">Cable desmontable para un f\u00e1cil almacenamiento.<\/span><\/li>\n<li><span dir=\"auto\">Para uso con tomacorrientes de 3 cables de 120 V CA en Norteam\u00e9rica.<\/span><\/li>\n<li><span dir=\"auto\">Clasificaci\u00f3n de seguridad: CAT III 135V<\/span><\/li>\n<\/ul>\n","protected":false},"excerpt":{"rendered":"<p>Analizador de circuitos con pantalla LCD a color de gran tama\u00f1o que muestra resultados f\u00e1ciles de entender para fallas de cableado, AFCI, GFCI, ca\u00eddas de voltaje y tiempo de disparo de dispositivos. Detectar e identificar fallas comunes en el cableado de tomacorrientes el\u00e9ctricos est\u00e1ndar, AFCI y GFCI. Detecta fallos de cableado dobles (neutro abierto\/tierra abierta). [&hellip;]<\/p>\n","protected":false},"featured_media":22730,"comment_status":"open","ping_status":"closed","template":"","meta":[],"product_brand":[],"product_cat":[188,201],"product_tag":[],"class_list":{"0":"post-22728","1":"product","2":"type-product","3":"status-publish","4":"has-post-thumbnail","6":"product_cat-herramienta-a-bateria","7":"product_cat-klein-tools","9":"first","10":"instock","11":"taxable","12":"shipping-taxable","13":"purchasable","14":"product-type-simple","15":"add-to-wishlist-after_add_to_cart"},"aioseo_notices":[],"_links":{"self":[{"href":"https:\/\/electrovalcorp.com\/ecommerce\/wp-json\/wp\/v2\/product\/22728","targetHints":{"allow":["GET"]}}],"collection":[{"href":"https:\/\/electrovalcorp.com\/ecommerce\/wp-json\/wp\/v2\/product"}],"about":[{"href":"https:\/\/electrovalcorp.com\/ecommerce\/wp-json\/wp\/v2\/types\/product"}],"replies":[{"embeddable":true,"href":"https:\/\/electrovalcorp.com\/ecommerce\/wp-json\/wp\/v2\/comments?post=22728"}],"wp:featuredmedia":[{"embeddable":true,"href":"https:\/\/electrovalcorp.com\/ecommerce\/wp-json\/wp\/v2\/media\/22730"}],"wp:attachment":[{"href":"https:\/\/electrovalcorp.com\/ecommerce\/wp-json\/wp\/v2\/media?parent=22728"}],"wp:term":[{"taxonomy":"product_brand","embeddable":true,"href":"https:\/\/electrovalcorp.com\/ecommerce\/wp-json\/wp\/v2\/product_brand?post=22728"},{"taxonomy":"product_cat","embeddable":true,"href":"https:\/\/electrovalcorp.com\/ecommerce\/wp-json\/wp\/v2\/product_cat?post=22728"},{"taxonomy":"product_tag","embeddable":true,"href":"https:\/\/electrovalcorp.com\/ecommerce\/wp-json\/wp\/v2\/product_tag?post=22728"}],"curies":[{"name":"wp","href":"https:\/\/api.w.org\/{rel}","templated":true}]}}