{"id":22732,"date":"2026-05-12T20:38:38","date_gmt":"2026-05-12T20:38:38","guid":{"rendered":"https:\/\/electrovalcorp.com\/ecommerce\/?post_type=product&#038;p=22732"},"modified":"2026-05-12T20:38:38","modified_gmt":"2026-05-12T20:38:38","slug":"pelacables-con-corte-diagonal-knipex-cod-1426160sb","status":"publish","type":"product","link":"https:\/\/electrovalcorp.com\/ecommerce\/producto\/pelacables-con-corte-diagonal-knipex-cod-1426160sb\/","title":{"rendered":"PELACABLES CON CORTE DIAGONAL KNIPEX- COD: 1426160SB"},"content":{"rendered":"<ul>\n<li><span dir=\"auto\">Corte pr\u00e1ctico de cables NYM de hasta 5 x 2,5 mm\u00b2.<\/span><\/li>\n<li><span dir=\"auto\">Cuchillas de precisi\u00f3n endurecidas por inducci\u00f3n, dureza del filo de corte aprox. 60 HRC<\/span><\/li>\n<li><span dir=\"auto\">Puntas largas para trabajos de corte ultrafinos, incluso en \u00e1reas confinadas.<\/span><\/li>\n<li><span dir=\"auto\">Orificios de pelado de precisi\u00f3n para conductores individuales de 1,5 y 2,5 mm\u00b2.<\/span><\/li>\n<li><span dir=\"auto\">Cromado<\/span><\/li>\n<li><span dir=\"auto\">Aislamiento t\u00e9rmico con agarres multicomponente, probado seg\u00fan la norma VDE.<\/span><\/li>\n<li><span dir=\"auto\">Filos de corte con bisel peque\u00f1o<\/span><\/li>\n<\/ul>\n","protected":false},"excerpt":{"rendered":"<p>Corte pr\u00e1ctico de cables NYM de hasta 5 x 2,5 mm\u00b2. Cuchillas de precisi\u00f3n endurecidas por inducci\u00f3n, dureza del filo de corte aprox. 60 HRC Puntas largas para trabajos de corte ultrafinos, incluso en \u00e1reas confinadas. Orificios de pelado de precisi\u00f3n para conductores individuales de 1,5 y 2,5 mm\u00b2. Cromado Aislamiento t\u00e9rmico con agarres multicomponente, [&hellip;]<\/p>\n","protected":false},"featured_media":22734,"comment_status":"open","ping_status":"closed","template":"","meta":[],"product_brand":[],"product_cat":[193,198],"product_tag":[],"class_list":{"0":"post-22732","1":"product","2":"type-product","3":"status-publish","4":"has-post-thumbnail","6":"product_cat-herramienta-manual","7":"product_cat-knipex","9":"first","10":"instock","11":"taxable","12":"shipping-taxable","13":"purchasable","14":"product-type-simple","15":"add-to-wishlist-after_add_to_cart"},"aioseo_notices":[],"_links":{"self":[{"href":"https:\/\/electrovalcorp.com\/ecommerce\/wp-json\/wp\/v2\/product\/22732","targetHints":{"allow":["GET"]}}],"collection":[{"href":"https:\/\/electrovalcorp.com\/ecommerce\/wp-json\/wp\/v2\/product"}],"about":[{"href":"https:\/\/electrovalcorp.com\/ecommerce\/wp-json\/wp\/v2\/types\/product"}],"replies":[{"embeddable":true,"href":"https:\/\/electrovalcorp.com\/ecommerce\/wp-json\/wp\/v2\/comments?post=22732"}],"wp:featuredmedia":[{"embeddable":true,"href":"https:\/\/electrovalcorp.com\/ecommerce\/wp-json\/wp\/v2\/media\/22734"}],"wp:attachment":[{"href":"https:\/\/electrovalcorp.com\/ecommerce\/wp-json\/wp\/v2\/media?parent=22732"}],"wp:term":[{"taxonomy":"product_brand","embeddable":true,"href":"https:\/\/electrovalcorp.com\/ecommerce\/wp-json\/wp\/v2\/product_brand?post=22732"},{"taxonomy":"product_cat","embeddable":true,"href":"https:\/\/electrovalcorp.com\/ecommerce\/wp-json\/wp\/v2\/product_cat?post=22732"},{"taxonomy":"product_tag","embeddable":true,"href":"https:\/\/electrovalcorp.com\/ecommerce\/wp-json\/wp\/v2\/product_tag?post=22732"}],"curies":[{"name":"wp","href":"https:\/\/api.w.org\/{rel}","templated":true}]}}