{"id":22735,"date":"2026-05-12T22:01:15","date_gmt":"2026-05-12T22:01:15","guid":{"rendered":"https:\/\/electrovalcorp.com\/ecommerce\/?post_type=product&#038;p=22735"},"modified":"2026-05-12T22:01:15","modified_gmt":"2026-05-12T22:01:15","slug":"alicate-de-punta-para-montaje-knipex-cod-2615200t","status":"publish","type":"product","link":"https:\/\/electrovalcorp.com\/ecommerce\/producto\/alicate-de-punta-para-montaje-knipex-cod-2615200t\/","title":{"rendered":"ALICATE DE PUNTA PARA MONTAJE KNIPEX- COD: 2615200T"},"content":{"rendered":"<ul>\n<li>Boca larga semi-redonda que termina en punta<\/li>\n<li>Puntas de precisi\u00f3n el\u00e1sticas con tolerancia de torsi\u00f3n<\/li>\n<li>Adecuado para trabajos de agarre y corte de precisi\u00f3n<\/li>\n<li>Con filos para alambre blando, semiduro y duro<\/li>\n<li>Filos de corte templados adicionalmente por inducci\u00f3n. Dureza aprox. de los filos 61 HRC<\/li>\n<li>Con mangos confort de tres componentes ergon\u00f3micos para un manejo optimizado y con dos interfaces KNIPEXtend para extensiones<\/li>\n<\/ul>\n","protected":false},"excerpt":{"rendered":"<p>Boca larga semi-redonda que termina en punta Puntas de precisi\u00f3n el\u00e1sticas con tolerancia de torsi\u00f3n Adecuado para trabajos de agarre y corte de precisi\u00f3n Con filos para alambre blando, semiduro y duro Filos de corte templados adicionalmente por inducci\u00f3n. Dureza aprox. de los filos 61 HRC Con mangos confort de tres componentes ergon\u00f3micos para un [&hellip;]<\/p>\n","protected":false},"featured_media":22737,"comment_status":"open","ping_status":"closed","template":"","meta":[],"product_brand":[],"product_cat":[193,198],"product_tag":[],"class_list":{"0":"post-22735","1":"product","2":"type-product","3":"status-publish","4":"has-post-thumbnail","6":"product_cat-herramienta-manual","7":"product_cat-knipex","9":"first","10":"instock","11":"taxable","12":"shipping-taxable","13":"purchasable","14":"product-type-simple","15":"add-to-wishlist-after_add_to_cart"},"aioseo_notices":[],"_links":{"self":[{"href":"https:\/\/electrovalcorp.com\/ecommerce\/wp-json\/wp\/v2\/product\/22735","targetHints":{"allow":["GET"]}}],"collection":[{"href":"https:\/\/electrovalcorp.com\/ecommerce\/wp-json\/wp\/v2\/product"}],"about":[{"href":"https:\/\/electrovalcorp.com\/ecommerce\/wp-json\/wp\/v2\/types\/product"}],"replies":[{"embeddable":true,"href":"https:\/\/electrovalcorp.com\/ecommerce\/wp-json\/wp\/v2\/comments?post=22735"}],"wp:featuredmedia":[{"embeddable":true,"href":"https:\/\/electrovalcorp.com\/ecommerce\/wp-json\/wp\/v2\/media\/22737"}],"wp:attachment":[{"href":"https:\/\/electrovalcorp.com\/ecommerce\/wp-json\/wp\/v2\/media?parent=22735"}],"wp:term":[{"taxonomy":"product_brand","embeddable":true,"href":"https:\/\/electrovalcorp.com\/ecommerce\/wp-json\/wp\/v2\/product_brand?post=22735"},{"taxonomy":"product_cat","embeddable":true,"href":"https:\/\/electrovalcorp.com\/ecommerce\/wp-json\/wp\/v2\/product_cat?post=22735"},{"taxonomy":"product_tag","embeddable":true,"href":"https:\/\/electrovalcorp.com\/ecommerce\/wp-json\/wp\/v2\/product_tag?post=22735"}],"curies":[{"name":"wp","href":"https:\/\/api.w.org\/{rel}","templated":true}]}}