{"id":22738,"date":"2026-05-12T22:08:27","date_gmt":"2026-05-12T22:08:27","guid":{"rendered":"https:\/\/electrovalcorp.com\/ecommerce\/?post_type=product&#038;p=22738"},"modified":"2026-05-12T22:08:27","modified_gmt":"2026-05-12T22:08:27","slug":"alicate-de-punta-larga-8-aislado-1000v-marca-knipex-cod-2616200","status":"publish","type":"product","link":"https:\/\/electrovalcorp.com\/ecommerce\/producto\/alicate-de-punta-larga-8-aislado-1000v-marca-knipex-cod-2616200\/","title":{"rendered":"ALICATE DE PUNTA LARGA 8&#8243; AISLADO 1000V . MARCA: KNIPEX- COD: 2616200"},"content":{"rendered":"<ul class=\"product--variation-field--variation_field_product_desc_highlighted__16271 field field--name-field-product-desc-highlighted field--type-text-long field--label-hidden field__items\">\n<li class=\"field__item\">\u00a0Boca larga semi-redonda que termina en punta<\/li>\n<li class=\"field__item\">\u00a0Puntas de precisi\u00f3n el\u00e1sticas con tolerancia de torsi\u00f3n<\/li>\n<li class=\"field__item\">\u00a0Adecuado para trabajos de agarre y corte de precisi\u00f3n<\/li>\n<\/ul>\n<ul class=\"product--variation-field--variation_field_product_description__16271 field field--name-field-product-description field--type-text-long field--label-hidden field__items\">\n<li class=\"field__item\">\u00a0Con filos para alambre blando, semiduro y duro<\/li>\n<li class=\"field__item\">\u00a0Filos de corte templados adicionalmente por inducci\u00f3n. Dureza aprox. de los filos 61 HRC<\/li>\n<\/ul>\n","protected":false},"excerpt":{"rendered":"<p>\u00a0Boca larga semi-redonda que termina en punta \u00a0Puntas de precisi\u00f3n el\u00e1sticas con tolerancia de torsi\u00f3n \u00a0Adecuado para trabajos de agarre y corte de precisi\u00f3n \u00a0Con filos para alambre blando, semiduro y duro \u00a0Filos de corte templados adicionalmente por inducci\u00f3n. Dureza aprox. de los filos 61 HRC<\/p>\n","protected":false},"featured_media":22740,"comment_status":"open","ping_status":"closed","template":"","meta":[],"product_brand":[],"product_cat":[193,198],"product_tag":[],"class_list":{"0":"post-22738","1":"product","2":"type-product","3":"status-publish","4":"has-post-thumbnail","6":"product_cat-herramienta-manual","7":"product_cat-knipex","9":"first","10":"instock","11":"taxable","12":"shipping-taxable","13":"purchasable","14":"product-type-simple","15":"add-to-wishlist-after_add_to_cart"},"aioseo_notices":[],"_links":{"self":[{"href":"https:\/\/electrovalcorp.com\/ecommerce\/wp-json\/wp\/v2\/product\/22738","targetHints":{"allow":["GET"]}}],"collection":[{"href":"https:\/\/electrovalcorp.com\/ecommerce\/wp-json\/wp\/v2\/product"}],"about":[{"href":"https:\/\/electrovalcorp.com\/ecommerce\/wp-json\/wp\/v2\/types\/product"}],"replies":[{"embeddable":true,"href":"https:\/\/electrovalcorp.com\/ecommerce\/wp-json\/wp\/v2\/comments?post=22738"}],"wp:featuredmedia":[{"embeddable":true,"href":"https:\/\/electrovalcorp.com\/ecommerce\/wp-json\/wp\/v2\/media\/22740"}],"wp:attachment":[{"href":"https:\/\/electrovalcorp.com\/ecommerce\/wp-json\/wp\/v2\/media?parent=22738"}],"wp:term":[{"taxonomy":"product_brand","embeddable":true,"href":"https:\/\/electrovalcorp.com\/ecommerce\/wp-json\/wp\/v2\/product_brand?post=22738"},{"taxonomy":"product_cat","embeddable":true,"href":"https:\/\/electrovalcorp.com\/ecommerce\/wp-json\/wp\/v2\/product_cat?post=22738"},{"taxonomy":"product_tag","embeddable":true,"href":"https:\/\/electrovalcorp.com\/ecommerce\/wp-json\/wp\/v2\/product_tag?post=22738"}],"curies":[{"name":"wp","href":"https:\/\/api.w.org\/{rel}","templated":true}]}}