{"id":22741,"date":"2026-05-12T22:51:29","date_gmt":"2026-05-12T22:51:29","guid":{"rendered":"https:\/\/electrovalcorp.com\/ecommerce\/?post_type=product&#038;p=22741"},"modified":"2026-05-12T22:51:29","modified_gmt":"2026-05-12T22:51:29","slug":"destornillador-aislado-plano-5-16-x-7-marca-knipex-modelo-98-20-80","status":"publish","type":"product","link":"https:\/\/electrovalcorp.com\/ecommerce\/producto\/destornillador-aislado-plano-5-16-x-7-marca-knipex-modelo-98-20-80\/","title":{"rendered":"DESTORNILLADOR AISLADO PLANO 5\/16&#8243; X 7&#8243; + MARCA KNIPEX + MODELO 98 20 80"},"content":{"rendered":"<ul class=\"product--variation-field--variation_field_product_description__1907 field field--name-field-product-description field--type-text-long field--label-hidden field__items\">\n<li class=\"field__item\">\u00a0Mango de pl\u00e1stico en 2 componentes optimizado ergon\u00f3micamente para una transmisi\u00f3n de la fuerza sin fatiga y suave para las manos<\/li>\n<li class=\"field__item\">\u00a0El dise\u00f1o del mango evita que ruede<\/li>\n<\/ul>\n","protected":false},"excerpt":{"rendered":"<p>\u00a0Mango de pl\u00e1stico en 2 componentes optimizado ergon\u00f3micamente para una transmisi\u00f3n de la fuerza sin fatiga y suave para las manos \u00a0El dise\u00f1o del mango evita que ruede<\/p>\n","protected":false},"featured_media":22742,"comment_status":"open","ping_status":"closed","template":"","meta":[],"product_brand":[],"product_cat":[193,198],"product_tag":[],"class_list":{"0":"post-22741","1":"product","2":"type-product","3":"status-publish","4":"has-post-thumbnail","6":"product_cat-herramienta-manual","7":"product_cat-knipex","9":"first","10":"instock","11":"taxable","12":"shipping-taxable","13":"purchasable","14":"product-type-simple","15":"add-to-wishlist-after_add_to_cart"},"aioseo_notices":[],"_links":{"self":[{"href":"https:\/\/electrovalcorp.com\/ecommerce\/wp-json\/wp\/v2\/product\/22741","targetHints":{"allow":["GET"]}}],"collection":[{"href":"https:\/\/electrovalcorp.com\/ecommerce\/wp-json\/wp\/v2\/product"}],"about":[{"href":"https:\/\/electrovalcorp.com\/ecommerce\/wp-json\/wp\/v2\/types\/product"}],"replies":[{"embeddable":true,"href":"https:\/\/electrovalcorp.com\/ecommerce\/wp-json\/wp\/v2\/comments?post=22741"}],"wp:featuredmedia":[{"embeddable":true,"href":"https:\/\/electrovalcorp.com\/ecommerce\/wp-json\/wp\/v2\/media\/22742"}],"wp:attachment":[{"href":"https:\/\/electrovalcorp.com\/ecommerce\/wp-json\/wp\/v2\/media?parent=22741"}],"wp:term":[{"taxonomy":"product_brand","embeddable":true,"href":"https:\/\/electrovalcorp.com\/ecommerce\/wp-json\/wp\/v2\/product_brand?post=22741"},{"taxonomy":"product_cat","embeddable":true,"href":"https:\/\/electrovalcorp.com\/ecommerce\/wp-json\/wp\/v2\/product_cat?post=22741"},{"taxonomy":"product_tag","embeddable":true,"href":"https:\/\/electrovalcorp.com\/ecommerce\/wp-json\/wp\/v2\/product_tag?post=22741"}],"curies":[{"name":"wp","href":"https:\/\/api.w.org\/{rel}","templated":true}]}}