{"id":22744,"date":"2026-05-12T23:01:41","date_gmt":"2026-05-12T23:01:41","guid":{"rendered":"https:\/\/electrovalcorp.com\/ecommerce\/?post_type=product&#038;p=22744"},"modified":"2026-05-12T23:01:41","modified_gmt":"2026-05-12T23:01:41","slug":"cuchilla-aislada-1000v-marca-knipex-modelo-98-55","status":"publish","type":"product","link":"https:\/\/electrovalcorp.com\/ecommerce\/producto\/cuchilla-aislada-1000v-marca-knipex-modelo-98-55\/","title":{"rendered":"CUCHILLA AISLADA 1000V.  MARCA:  KNIPEX.  MODELO:  98 55"},"content":{"rendered":"<ul class=\"product--variation-field--variation_field_product_description__1441 field field--name-field-product-description field--type-text-long field--label-hidden field__items\">\n<li class=\"field__item\">\u00a0Forma del mango con dise\u00f1o ergon\u00f3mico y protecci\u00f3n de deslizamiento agradablemente dise\u00f1ada<\/li>\n<li class=\"field__item\">\u00a0M\u00e1s seguridad por componentes blandos antideslizantes<\/li>\n<li class=\"field__item\">\u00a0El hueco para el pulgar y el &#8220;gancho&#8221; para los dedos al final del mango aseguran una \u00f3ptima transmisi\u00f3n de fuerza cuando se presiona la cuchilla<\/li>\n<li class=\"field__item\">\u00a0Capuch\u00f3n de protecci\u00f3n transparente<\/li>\n<li class=\"field__item\">\u00a0Cuchilla de gancho solidamente fijada, forma de hoz<\/li>\n<li class=\"field__item\">\u00a0Con gu\u00eda de deslizamiento en la punta de la cuchilla<\/li>\n<li class=\"field__item\">\u00a0No da\u00f1a el aislamiento del hilo conductor<\/li>\n<li class=\"field__item\">\u00a0Hoja de cuchilla: acero para cirug\u00eda, inoxidable, templado al aire<\/li>\n<\/ul>\n","protected":false},"excerpt":{"rendered":"<p>\u00a0Forma del mango con dise\u00f1o ergon\u00f3mico y protecci\u00f3n de deslizamiento agradablemente dise\u00f1ada \u00a0M\u00e1s seguridad por componentes blandos antideslizantes \u00a0El hueco para el pulgar y el &#8220;gancho&#8221; para los dedos al final del mango aseguran una \u00f3ptima transmisi\u00f3n de fuerza cuando se presiona la cuchilla \u00a0Capuch\u00f3n de protecci\u00f3n transparente \u00a0Cuchilla de gancho solidamente fijada, forma de [&hellip;]<\/p>\n","protected":false},"featured_media":22746,"comment_status":"open","ping_status":"closed","template":"","meta":[],"product_brand":[],"product_cat":[193,198],"product_tag":[],"class_list":{"0":"post-22744","1":"product","2":"type-product","3":"status-publish","4":"has-post-thumbnail","6":"product_cat-herramienta-manual","7":"product_cat-knipex","9":"first","10":"instock","11":"taxable","12":"shipping-taxable","13":"purchasable","14":"product-type-simple","15":"add-to-wishlist-after_add_to_cart"},"aioseo_notices":[],"_links":{"self":[{"href":"https:\/\/electrovalcorp.com\/ecommerce\/wp-json\/wp\/v2\/product\/22744","targetHints":{"allow":["GET"]}}],"collection":[{"href":"https:\/\/electrovalcorp.com\/ecommerce\/wp-json\/wp\/v2\/product"}],"about":[{"href":"https:\/\/electrovalcorp.com\/ecommerce\/wp-json\/wp\/v2\/types\/product"}],"replies":[{"embeddable":true,"href":"https:\/\/electrovalcorp.com\/ecommerce\/wp-json\/wp\/v2\/comments?post=22744"}],"wp:featuredmedia":[{"embeddable":true,"href":"https:\/\/electrovalcorp.com\/ecommerce\/wp-json\/wp\/v2\/media\/22746"}],"wp:attachment":[{"href":"https:\/\/electrovalcorp.com\/ecommerce\/wp-json\/wp\/v2\/media?parent=22744"}],"wp:term":[{"taxonomy":"product_brand","embeddable":true,"href":"https:\/\/electrovalcorp.com\/ecommerce\/wp-json\/wp\/v2\/product_brand?post=22744"},{"taxonomy":"product_cat","embeddable":true,"href":"https:\/\/electrovalcorp.com\/ecommerce\/wp-json\/wp\/v2\/product_cat?post=22744"},{"taxonomy":"product_tag","embeddable":true,"href":"https:\/\/electrovalcorp.com\/ecommerce\/wp-json\/wp\/v2\/product_tag?post=22744"}],"curies":[{"name":"wp","href":"https:\/\/api.w.org\/{rel}","templated":true}]}}