{"id":3023,"date":"2021-06-02T00:58:48","date_gmt":"2021-06-02T00:58:48","guid":{"rendered":"https:\/\/electrovalcorp.com\/ecommerce\/?post_type=product&#038;p=3023"},"modified":"2025-04-30T21:39:29","modified_gmt":"2025-04-30T21:39:29","slug":"crimpadora-manual-d3-bg","status":"publish","type":"product","link":"https:\/\/electrovalcorp.com\/ecommerce\/producto\/crimpadora-manual-d3-bg\/","title":{"rendered":"CRIMPADORA MANUAL D3\/BG 49-16-2601"},"content":{"rendered":"<p>Lineman&#8217;s Crimper w \/ Fixed BG es la herramienta m\u00e1s eficiente de su clase para aplicaciones comunes de distribuci\u00f3n a\u00e9rea. Las asas de goma de la herramienta mejoran el agarre de los usuarios al tiempo que proporcionan la m\u00e1xima comodidad y control. Hecho con un n\u00facleo de fibra de vidrio duradero y respaldado por la garant\u00eda limitada de por vida de Milwaukee\u00ae, puede esperar aprovechar al m\u00e1ximo el trabajo de su Crimper de lineman con BG fijo. Es la \u00fanica crimpadora manual con bucles de mosquet\u00f3n integrados para pasar de forma segura una l\u00ednea de mano o colgar de un cubo, y sus puntas etiquetadas con troqueles permiten a los linieros identificar r\u00e1pidamente la herramienta. Acepta troqueles de engarzado estilo W.<\/p>\n","protected":false},"excerpt":{"rendered":"<p>Crimpadora manual Milwaukee D3\/BG &#8211; C\u00f3digo: 49-16-2601<\/p>\n","protected":false},"featured_media":18659,"comment_status":"closed","ping_status":"closed","template":"","meta":[],"product_brand":[],"product_cat":[193,190],"product_tag":[],"class_list":{"0":"post-3023","1":"product","2":"type-product","3":"status-publish","4":"has-post-thumbnail","6":"product_cat-herramienta-manual","7":"product_cat-milwaukee","9":"first","10":"instock","11":"taxable","12":"shipping-taxable","13":"purchasable","14":"product-type-simple","15":"add-to-wishlist-after_add_to_cart"},"aioseo_notices":[],"_links":{"self":[{"href":"https:\/\/electrovalcorp.com\/ecommerce\/wp-json\/wp\/v2\/product\/3023","targetHints":{"allow":["GET"]}}],"collection":[{"href":"https:\/\/electrovalcorp.com\/ecommerce\/wp-json\/wp\/v2\/product"}],"about":[{"href":"https:\/\/electrovalcorp.com\/ecommerce\/wp-json\/wp\/v2\/types\/product"}],"replies":[{"embeddable":true,"href":"https:\/\/electrovalcorp.com\/ecommerce\/wp-json\/wp\/v2\/comments?post=3023"}],"wp:featuredmedia":[{"embeddable":true,"href":"https:\/\/electrovalcorp.com\/ecommerce\/wp-json\/wp\/v2\/media\/18659"}],"wp:attachment":[{"href":"https:\/\/electrovalcorp.com\/ecommerce\/wp-json\/wp\/v2\/media?parent=3023"}],"wp:term":[{"taxonomy":"product_brand","embeddable":true,"href":"https:\/\/electrovalcorp.com\/ecommerce\/wp-json\/wp\/v2\/product_brand?post=3023"},{"taxonomy":"product_cat","embeddable":true,"href":"https:\/\/electrovalcorp.com\/ecommerce\/wp-json\/wp\/v2\/product_cat?post=3023"},{"taxonomy":"product_tag","embeddable":true,"href":"https:\/\/electrovalcorp.com\/ecommerce\/wp-json\/wp\/v2\/product_tag?post=3023"}],"curies":[{"name":"wp","href":"https:\/\/api.w.org\/{rel}","templated":true}]}}