{"id":3278,"date":"2022-01-11T11:42:54","date_gmt":"2022-01-11T11:42:54","guid":{"rendered":"https:\/\/electrovalcorp.com\/ecommerce\/?post_type=product&#038;p=3278"},"modified":"2024-03-05T16:24:54","modified_gmt":"2024-03-05T16:24:54","slug":"luz-de-montaje-magnetico-m18-rover1500-lumenes","status":"publish","type":"product","link":"https:\/\/electrovalcorp.com\/ecommerce\/producto\/luz-de-montaje-magnetico-m18-rover1500-lumenes\/","title":{"rendered":"Luz de montaje magn\u00e9tico M18\u2122 ROVER\u21221500 l\u00famenes 2365-20"},"content":{"rendered":"<p>Nuestra luz de inundaci\u00f3n de montaje M18\u2122 ROVER\u2122 es la luz de inundaci\u00f3n m\u00e1s vers\u00e1til para cualquier tarea, dise\u00f1ada para trabajar en cualquier espacio de trabajo, sitio de trabajo y en cualquier superficie. La luz de inundaci\u00f3n tiene dos potentes imanes que le permiten montar la luz en casi cualquier superficie met\u00e1lica y una abrazadera de 2 &#8220;con resorte para fijar la luz a tuber\u00edas, madera dimensional, equipos del sitio de trabajo, gabinetes y puertas. Estas caracter\u00edsticas colgantes se combinan con un dise\u00f1o de cabezal de luz plegable y giratorio que le permite dirigir la luz a cualquier espacio de trabajo. La luz de inundaci\u00f3n de montaje M18\u2122 ROVER\u2122 ofrece 1500 l\u00famenes de salida de alta definici\u00f3n TRUEVIEW\u2122 y funciona hasta 20 horas con un paquete de bater\u00edas M18\u2122 XC5.0 que le brinda una potente propagaci\u00f3n de inundaci\u00f3n y un tiempo de ejecuci\u00f3n durante todo el d\u00eda.<\/p>\n","protected":false},"excerpt":{"rendered":"<p>Nuestra luz de inundaci\u00f3n de montaje M18\u2122 ROVER\u2122 es la luz de inundaci\u00f3n m\u00e1s vers\u00e1til para cualquier tarea, dise\u00f1ada para trabajar en cualquier espacio de trabajo, sitio de trabajo y en cualquier superficie. La luz de inundaci\u00f3n tiene dos potentes imanes que le permiten montar la luz en casi cualquier superficie met\u00e1lica y una abrazadera [&hellip;]<\/p>\n","protected":false},"featured_media":18695,"comment_status":"closed","ping_status":"closed","template":"","meta":[],"product_brand":[],"product_cat":[188,195,189,190],"product_tag":[],"class_list":{"0":"post-3278","1":"product","2":"type-product","3":"status-publish","4":"has-post-thumbnail","6":"product_cat-herramienta-a-bateria","7":"product_cat-iluminacion","8":"product_cat-m18","9":"product_cat-milwaukee","11":"first","12":"instock","13":"taxable","14":"shipping-taxable","15":"purchasable","16":"product-type-simple","17":"add-to-wishlist-after_add_to_cart"},"aioseo_notices":[],"_links":{"self":[{"href":"https:\/\/electrovalcorp.com\/ecommerce\/wp-json\/wp\/v2\/product\/3278","targetHints":{"allow":["GET"]}}],"collection":[{"href":"https:\/\/electrovalcorp.com\/ecommerce\/wp-json\/wp\/v2\/product"}],"about":[{"href":"https:\/\/electrovalcorp.com\/ecommerce\/wp-json\/wp\/v2\/types\/product"}],"replies":[{"embeddable":true,"href":"https:\/\/electrovalcorp.com\/ecommerce\/wp-json\/wp\/v2\/comments?post=3278"}],"wp:featuredmedia":[{"embeddable":true,"href":"https:\/\/electrovalcorp.com\/ecommerce\/wp-json\/wp\/v2\/media\/18695"}],"wp:attachment":[{"href":"https:\/\/electrovalcorp.com\/ecommerce\/wp-json\/wp\/v2\/media?parent=3278"}],"wp:term":[{"taxonomy":"product_brand","embeddable":true,"href":"https:\/\/electrovalcorp.com\/ecommerce\/wp-json\/wp\/v2\/product_brand?post=3278"},{"taxonomy":"product_cat","embeddable":true,"href":"https:\/\/electrovalcorp.com\/ecommerce\/wp-json\/wp\/v2\/product_cat?post=3278"},{"taxonomy":"product_tag","embeddable":true,"href":"https:\/\/electrovalcorp.com\/ecommerce\/wp-json\/wp\/v2\/product_tag?post=3278"}],"curies":[{"name":"wp","href":"https:\/\/api.w.org\/{rel}","templated":true}]}}