{"id":3354,"date":"2022-01-14T12:06:15","date_gmt":"2022-01-14T12:06:15","guid":{"rendered":"https:\/\/electrovalcorp.com\/ecommerce\/?post_type=product&#038;p=3354"},"modified":"2025-03-19T19:42:21","modified_gmt":"2025-03-19T19:42:21","slug":"luz-de-inundacion-de-bolsillo-445-lumenes-redlithium-usb-rover-2112-21","status":"publish","type":"product","link":"https:\/\/electrovalcorp.com\/ecommerce\/producto\/luz-de-inundacion-de-bolsillo-445-lumenes-redlithium-usb-rover-2112-21\/","title":{"rendered":"Luz de inundaci\u00f3n de bolsillo 445 l\u00famenes REDLITHIUM\u2122 USB ROVER\u2122 2112-21"},"content":{"rendered":"<p>Nuestra luz de inundaci\u00f3n de bolsillo REDLITHIUM\u2122 USB ROVER\u2122 est\u00e1 alimentada por REDLITHIUM\u2122 USB y le permite pegarla, usarla y llevarla a cualquier lugar. Este peque\u00f1o proyector le ofrece 445 l\u00famenes de salida de alta definici\u00f3n TRUEVIEW\u2122 con tiempo de ejecuci\u00f3n durante todo el d\u00eda, m\u00e1s recargas y una carga 3 veces m\u00e1s r\u00e1pida a trav\u00e9s de USB. Puede pegarlo, sujetarlo y llevarlo a cualquier lugar con su clip de doble im\u00e1n, perfecto para oficios mec\u00e1nicos, el\u00e9ctricos, H \/ VAC-R, MRO y automotrices. La luz recargable USB es resistente a los impactos y a los productos qu\u00edmicos para soportar entornos hostiles. Con dos modos de salida de luz, puede maximizar el brillo o extender el tiempo de ejecuci\u00f3n con hasta 13 horas de luz con una sola carga. La bater\u00eda USB Milwaukee REDLITHIUM\u2122 se puede recargar en la linterna a trav\u00e9s de Micro USB o intercambiarse con bater\u00edas USB REDLITHIUM\u2122 adicionales para pr\u00e1cticamente ning\u00fan tiempo de inactividad. La luz de inundaci\u00f3n de bolsillo MILWAUKEE\u00ae REDLITHIUM\u2122 USB ROVER\u2122 est\u00e1 cubierta por una garant\u00eda limitada de por vida.<\/p>\n<h2 class=\"product-includes__title\">INCLUYE<\/h2>\n<div class=\"product-includes__wrap readmore\" data-height=\"110\" data-moretext=\"Read More\" data-lesstext=\"Close\"><span class=\"product-include\"><span class=\"product-include__quantity\">&#8211;<\/span><span class=\"product-include__title\">REDLITHIUM\u00ae BATER\u00cdA<\/span><\/span><\/div>\n<div class=\"product-includes__wrap readmore\" data-height=\"110\" data-moretext=\"Read More\" data-lesstext=\"Close\"><span class=\"product-include\"><span class=\"product-include__title\">-USB Cable<\/span><\/span><\/div>\n","protected":false},"excerpt":{"rendered":"<p>Nuestra luz de inundaci\u00f3n de bolsillo REDLITHIUM\u2122 USB ROVER\u2122 est\u00e1 alimentada por REDLITHIUM\u2122 USB y le permite pegarla, usarla y llevarla a cualquier lugar. Este peque\u00f1o proyector le ofrece 445 l\u00famenes de salida de alta definici\u00f3n TRUEVIEW\u2122 con tiempo de ejecuci\u00f3n durante todo el d\u00eda, m\u00e1s recargas y una carga 3 veces m\u00e1s r\u00e1pida a [&hellip;]<\/p>\n","protected":false},"featured_media":18715,"comment_status":"closed","ping_status":"closed","template":"","meta":[],"product_brand":[],"product_cat":[188,195,190],"product_tag":[],"class_list":{"0":"post-3354","1":"product","2":"type-product","3":"status-publish","4":"has-post-thumbnail","6":"product_cat-herramienta-a-bateria","7":"product_cat-iluminacion","8":"product_cat-milwaukee","10":"first","11":"instock","12":"taxable","13":"shipping-taxable","14":"purchasable","15":"product-type-simple","16":"add-to-wishlist-after_add_to_cart"},"aioseo_notices":[],"_links":{"self":[{"href":"https:\/\/electrovalcorp.com\/ecommerce\/wp-json\/wp\/v2\/product\/3354","targetHints":{"allow":["GET"]}}],"collection":[{"href":"https:\/\/electrovalcorp.com\/ecommerce\/wp-json\/wp\/v2\/product"}],"about":[{"href":"https:\/\/electrovalcorp.com\/ecommerce\/wp-json\/wp\/v2\/types\/product"}],"replies":[{"embeddable":true,"href":"https:\/\/electrovalcorp.com\/ecommerce\/wp-json\/wp\/v2\/comments?post=3354"}],"wp:featuredmedia":[{"embeddable":true,"href":"https:\/\/electrovalcorp.com\/ecommerce\/wp-json\/wp\/v2\/media\/18715"}],"wp:attachment":[{"href":"https:\/\/electrovalcorp.com\/ecommerce\/wp-json\/wp\/v2\/media?parent=3354"}],"wp:term":[{"taxonomy":"product_brand","embeddable":true,"href":"https:\/\/electrovalcorp.com\/ecommerce\/wp-json\/wp\/v2\/product_brand?post=3354"},{"taxonomy":"product_cat","embeddable":true,"href":"https:\/\/electrovalcorp.com\/ecommerce\/wp-json\/wp\/v2\/product_cat?post=3354"},{"taxonomy":"product_tag","embeddable":true,"href":"https:\/\/electrovalcorp.com\/ecommerce\/wp-json\/wp\/v2\/product_tag?post=3354"}],"curies":[{"name":"wp","href":"https:\/\/api.w.org\/{rel}","templated":true}]}}