{"id":3356,"date":"2022-01-14T14:23:11","date_gmt":"2022-01-14T14:23:11","guid":{"rendered":"https:\/\/electrovalcorp.com\/ecommerce\/?post_type=product&#038;p=3356"},"modified":"2025-10-31T17:09:35","modified_gmt":"2025-10-31T17:09:35","slug":"luz-pivotante-550-lumenes-redlithium-usb-rover-2114-21","status":"publish","type":"product","link":"https:\/\/electrovalcorp.com\/ecommerce\/producto\/luz-pivotante-550-lumenes-redlithium-usb-rover-2114-21\/","title":{"rendered":"Luz pivotante 550 l\u00famenes REDLITHIUM\u2122 USB ROVER\u2122 2114-21"},"content":{"rendered":"<p>Nuestra luz de inundaci\u00f3n pivotante REDLITHIUM\u2122 USB ROVER\u2122 ofrece la mejor salida de su clase en cualquier direcci\u00f3n y est\u00e1 alimentada por nuestro REDLITHIUM\u2122 USB. El proyector LED compacto ofrece 550 l\u00famenes de salida de alta definici\u00f3n TRUEVIEW\u2122. El cabezal de luz tiene 210 \u00b0 de rotaci\u00f3n, lo que le permite dirigir la luz de alta salida a cualquier superficie de trabajo. Una base ancha y magn\u00e9tica le permite colocar el proyector pivotante en superficies de trabajo comunes o montarlo en metal para la iluminaci\u00f3n de tareas manos libres. Su dise\u00f1o plegable cabe en los bolsillos y un mosquet\u00f3n incorporado le brinda la capacidad de sujetarlo a organizadores de herramientas o correas para facilitar el transporte. Los tres modos de salida diferentes le permiten optimizar la salida de luz y el tiempo de ejecuci\u00f3n durante un m\u00e1ximo de 13 horas de tiempo de ejecuci\u00f3n. La luz de inundaci\u00f3n pivotante REDLITHIUM\u2122 USB ROVER\u2122 est\u00e1 alimentada por la bater\u00eda REDLITHIUM\u2122 USB 3.0AH, que proporciona un tiempo de funcionamiento durante todo el d\u00eda, m\u00e1s recargas y un tiempo de carga 3 veces m\u00e1s r\u00e1pido. La bater\u00eda USB Milwaukee REDLITHIUM\u2122 se puede recargar en la linterna a trav\u00e9s de Micro USB o intercambiarse con bater\u00edas USB REDLITHIUM\u2122 adicionales para pr\u00e1cticamente ning\u00fan tiempo de inactividad. La luz de inundaci\u00f3n pivotante MILWAUKEE\u00ae REDLITHIUM\u2122 USB ROVER\u2122 es ideal para cualquier profesional del comercio y est\u00e1 cubierto por una garant\u00eda limitada de por vida.<\/p>\n","protected":false},"excerpt":{"rendered":"<p>Nuestra luz de inundaci\u00f3n pivotante REDLITHIUM\u2122 USB ROVER\u2122 ofrece la mejor salida de su clase en cualquier direcci\u00f3n y est\u00e1 alimentada por nuestro REDLITHIUM\u2122 USB. El proyector LED compacto ofrece 550 l\u00famenes de salida de alta definici\u00f3n TRUEVIEW\u2122. El cabezal de luz tiene 210 \u00b0 de rotaci\u00f3n, lo que le permite dirigir la luz de [&hellip;]<\/p>\n","protected":false},"featured_media":18717,"comment_status":"closed","ping_status":"closed","template":"","meta":[],"product_brand":[],"product_cat":[188,195,190],"product_tag":[],"class_list":{"0":"post-3356","1":"product","2":"type-product","3":"status-publish","4":"has-post-thumbnail","6":"product_cat-herramienta-a-bateria","7":"product_cat-iluminacion","8":"product_cat-milwaukee","10":"first","11":"instock","12":"taxable","13":"shipping-taxable","14":"purchasable","15":"product-type-simple","16":"add-to-wishlist-after_add_to_cart"},"aioseo_notices":[],"_links":{"self":[{"href":"https:\/\/electrovalcorp.com\/ecommerce\/wp-json\/wp\/v2\/product\/3356","targetHints":{"allow":["GET"]}}],"collection":[{"href":"https:\/\/electrovalcorp.com\/ecommerce\/wp-json\/wp\/v2\/product"}],"about":[{"href":"https:\/\/electrovalcorp.com\/ecommerce\/wp-json\/wp\/v2\/types\/product"}],"replies":[{"embeddable":true,"href":"https:\/\/electrovalcorp.com\/ecommerce\/wp-json\/wp\/v2\/comments?post=3356"}],"wp:featuredmedia":[{"embeddable":true,"href":"https:\/\/electrovalcorp.com\/ecommerce\/wp-json\/wp\/v2\/media\/18717"}],"wp:attachment":[{"href":"https:\/\/electrovalcorp.com\/ecommerce\/wp-json\/wp\/v2\/media?parent=3356"}],"wp:term":[{"taxonomy":"product_brand","embeddable":true,"href":"https:\/\/electrovalcorp.com\/ecommerce\/wp-json\/wp\/v2\/product_brand?post=3356"},{"taxonomy":"product_cat","embeddable":true,"href":"https:\/\/electrovalcorp.com\/ecommerce\/wp-json\/wp\/v2\/product_cat?post=3356"},{"taxonomy":"product_tag","embeddable":true,"href":"https:\/\/electrovalcorp.com\/ecommerce\/wp-json\/wp\/v2\/product_tag?post=3356"}],"curies":[{"name":"wp","href":"https:\/\/api.w.org\/{rel}","templated":true}]}}