{"id":3357,"date":"2022-01-14T14:28:32","date_gmt":"2022-01-14T14:28:32","guid":{"rendered":"https:\/\/electrovalcorp.com\/ecommerce\/?post_type=product&#038;p=3357"},"modified":"2025-01-30T22:03:39","modified_gmt":"2025-01-30T22:03:39","slug":"luz-de-casco-600-lumenes-redlithium-baliza-usb-2116-21","status":"publish","type":"product","link":"https:\/\/electrovalcorp.com\/ecommerce\/producto\/luz-de-casco-600-lumenes-redlithium-baliza-usb-2116-21\/","title":{"rendered":"Luz de casco 600 l\u00famenes REDLITHIUM\u2122 BALIZA USB\u2122 2116-21"},"content":{"rendered":"<p>Nuestra luz de casco REDLITHIUM\u2122 USB BEACON\u2122 visible en todas las direcciones y alimentada por REDLITHIUM\u2122 USB combina una iluminaci\u00f3n de tareas manos libres excepcional con una innovadora luz de seguridad personal BEACON\u2122. La luz de seguridad personal BEACON\u2122 tiene opciones estables y parpadeantes que lo hacen visible hasta 1\/4 de milla desde todas las direcciones cuando se usa con el faro delantero. La luz de casco MILWAUKEE\u00ae funciona como un faro, ofreciendo hasta 600 l\u00famenes de salida de alta definici\u00f3n TRUEVIEW\u2122 con opciones de haz puntual y de inundaci\u00f3n. Esta luz de casco con clip tiene una correa el\u00e1stica, agarre de silicio incluye dos clips de casco universales y es compatible con todos los cascos. La luz de sombrero duro recargable USB BEACON\u2122 est\u00e1 alimentada por la bater\u00eda REDLITHIUM\u2122 USB 3.0AH. Proporciona tiempo de ejecuci\u00f3n durante todo el d\u00eda, m\u00e1s recargas y un tiempo de carga 3 veces m\u00e1s r\u00e1pido, y se puede recargar en la linterna a trav\u00e9s de Micro USB o intercambiarse con bater\u00edas REDLITHIUM\u2122 USB adicionales para pr\u00e1cticamente ning\u00fan tiempo de inactividad. El faro recargable le brinda un tiempo de ejecuci\u00f3n durante todo el d\u00eda con cinco modos de salida de luz: Hybrid Spot\/Flood, Flood High, Flood Medium, Flood Low, Spot High. Este faro Milwaukee es resistente al agua y al polvo y puede soportar ca\u00eddas de hasta 2 M y las condiciones m\u00e1s duras dentro y fuera del sitio de trabajo. El duradero faro con clip para cascos es ideal para trabajos en carretera, t\u00faneles o subterr\u00e1neos, observadores, se\u00f1alizadores y profesionales que trabajan alrededor de equipos en movimiento. El REDLITHIUM\u2122 USB BEACON\u2122 Hard Hat Light est\u00e1 cubierto por una garant\u00eda limitada de por vida.<\/p>\n<h2 class=\"product-includes__title\">INCLUYE<\/h2>\n<div class=\"product-includes__wrap readmore\" data-height=\"110\" data-moretext=\"Read More\" data-lesstext=\"Close\"><a class=\"product-include\" href=\"https:\/\/www.milwaukeetool.com\/Products\/Lighting\/Personal-Lighting\/2116-21\"><span class=\"product-include__quantity\"><span class=\"product-include__title\" style=\"color: #333333;\">-REDLITHIUM\u2122 BALIZA USB\u2122 Luz de casco<\/span><span style=\"color: #333333;\">\u00a0<\/span><span class=\"product-include__sku\" style=\"color: #333333;\">(2116-21)<\/span><br \/>\n<\/span><\/a><span class=\"product-include\"><span class=\"product-include__quantity\">&#8211;<\/span><span class=\"product-include__title\">Cable USB de servicio pesado de 2 pies<\/span><\/span><\/div>\n<div class=\"product-includes__wrap readmore\" data-height=\"110\" data-moretext=\"Read More\" data-lesstext=\"Close\"><span class=\"product-include\"><span class=\"product-include__quantity\">&#8211;<\/span><\/span>Bateria recargable USBREDLITHIUM\u2122<\/div>\n<div class=\"product-includes__wrap readmore\" data-height=\"110\" data-moretext=\"Read More\" data-lesstext=\"Close\"><span class=\"product-include\"><span class=\"product-include__title\">-4 Clips universales para casco<\/span><\/span><\/div>\n","protected":false},"excerpt":{"rendered":"<p>Nuestra luz de casco REDLITHIUM\u2122 USB BEACON\u2122 visible en todas las direcciones y alimentada por REDLITHIUM\u2122 USB combina una iluminaci\u00f3n de tareas manos libres excepcional con una innovadora luz de seguridad personal BEACON\u2122. La luz de seguridad personal BEACON\u2122 tiene opciones estables y parpadeantes que lo hacen visible hasta 1\/4 de milla desde todas las [&hellip;]<\/p>\n","protected":false},"featured_media":18718,"comment_status":"closed","ping_status":"closed","template":"","meta":[],"product_brand":[],"product_cat":[188,195,190],"product_tag":[],"class_list":{"0":"post-3357","1":"product","2":"type-product","3":"status-publish","4":"has-post-thumbnail","6":"product_cat-herramienta-a-bateria","7":"product_cat-iluminacion","8":"product_cat-milwaukee","10":"first","11":"instock","12":"taxable","13":"shipping-taxable","14":"purchasable","15":"product-type-simple","16":"add-to-wishlist-after_add_to_cart"},"aioseo_notices":[],"_links":{"self":[{"href":"https:\/\/electrovalcorp.com\/ecommerce\/wp-json\/wp\/v2\/product\/3357","targetHints":{"allow":["GET"]}}],"collection":[{"href":"https:\/\/electrovalcorp.com\/ecommerce\/wp-json\/wp\/v2\/product"}],"about":[{"href":"https:\/\/electrovalcorp.com\/ecommerce\/wp-json\/wp\/v2\/types\/product"}],"replies":[{"embeddable":true,"href":"https:\/\/electrovalcorp.com\/ecommerce\/wp-json\/wp\/v2\/comments?post=3357"}],"wp:featuredmedia":[{"embeddable":true,"href":"https:\/\/electrovalcorp.com\/ecommerce\/wp-json\/wp\/v2\/media\/18718"}],"wp:attachment":[{"href":"https:\/\/electrovalcorp.com\/ecommerce\/wp-json\/wp\/v2\/media?parent=3357"}],"wp:term":[{"taxonomy":"product_brand","embeddable":true,"href":"https:\/\/electrovalcorp.com\/ecommerce\/wp-json\/wp\/v2\/product_brand?post=3357"},{"taxonomy":"product_cat","embeddable":true,"href":"https:\/\/electrovalcorp.com\/ecommerce\/wp-json\/wp\/v2\/product_cat?post=3357"},{"taxonomy":"product_tag","embeddable":true,"href":"https:\/\/electrovalcorp.com\/ecommerce\/wp-json\/wp\/v2\/product_tag?post=3357"}],"curies":[{"name":"wp","href":"https:\/\/api.w.org\/{rel}","templated":true}]}}