{"id":3363,"date":"2022-01-17T11:27:29","date_gmt":"2022-01-17T11:27:29","guid":{"rendered":"https:\/\/electrovalcorp.com\/ecommerce\/?post_type=product&#038;p=3363"},"modified":"2026-02-25T15:05:50","modified_gmt":"2026-02-25T15:05:50","slug":"linterna-redlithium-usb-1100l-2161-21","status":"publish","type":"product","link":"https:\/\/electrovalcorp.com\/ecommerce\/producto\/linterna-redlithium-usb-1100l-2161-21\/","title":{"rendered":"Linterna REDLITHIUM\u2122 USB 1100L 2161-21"},"content":{"rendered":"<p>Nuestra linterna REDLITHIUM\u2122 USB 1100L Twist Focus ofrece 1100 l\u00famenes con un control preciso del haz. Aprovechando los avances en la tecnolog\u00eda LED, esta linterna recargable mantiene un cuerpo compacto al tiempo que ofrece 1100L de salida de alta definici\u00f3n TRUEVIEW\u2122, lo que le brinda la capacidad de ver hasta 175 metros (574 pies). La linterna cuenta con un enfoque de torsi\u00f3n de precisi\u00f3n para un control total del tama\u00f1o y la intensidad del haz, lo que le permite buscar, rastrear o inspeccionar mejor. Dise\u00f1ada para facilitar el transporte y el almacenamiento, esta linterna compacta tiene un clip extra\u00edble para un accesorio vers\u00e1til. Optimizado para la operaci\u00f3n con un solo clic, el bot\u00f3n de encendido multifuncional ofrece indicaci\u00f3n de bater\u00eda y selecci\u00f3n de modo. La inteligencia de memoria del modo enciende la linterna en el \u00faltimo modo utilizado. Maximice el brillo o ampl\u00ede el tiempo de ejecuci\u00f3n con opciones de modo alto, medio y bajo con hasta 14 horas de tiempo de ejecuci\u00f3n. Construida para las condiciones m\u00e1s dif\u00edciles, esta linterna impermeable tiene una clasificaci\u00f3n IP67 y resiste la inmersi\u00f3n de hasta 1 metro y est\u00e1 clasificada para ca\u00eddas de 4 metros. La linterna MILWAUKEE\u00ae USB Rechargeable 1100L Twist Focus est\u00e1 alimentada por la bater\u00eda REDLITHIUM\u2122 USB 3.0AH, que proporciona un tiempo de ejecuci\u00f3n de todo el d\u00eda, m\u00e1s recargas y un tiempo de carga 3 veces m\u00e1s r\u00e1pido.<\/p>\n<h2 class=\"product-includes__title\">INCLUYE<\/h2>\n<div class=\"product-includes__wrap readmore\" data-height=\"110\" data-moretext=\"Read More\" data-lesstext=\"Close\">&#8211;<a class=\"product-include\" href=\"https:\/\/www.milwaukeetool.com\/Products\/Lighting\/Personal-Lighting\/2161-21\"><span class=\"product-include__quantity\"><span class=\"product-include__title\" style=\"color: #333333;\">Linterna USB 1100L Twist Focus <\/span><\/span><\/a><a class=\"product-include\" href=\"https:\/\/www.milwaukeetool.com\/Products\/Lighting\/Personal-Lighting\/2161-21\"><span class=\"product-include__quantity\"><span class=\"product-include__title\" style=\"color: #333333;\">REDLITHIUM\u2122 <\/span><span style=\"color: #333333;\">\u00a0<\/span><span class=\"product-include__sku\" style=\"color: #333333;\">(2161-21)<\/span><\/span><\/a><\/div>\n<div class=\"product-includes__wrap readmore\" data-height=\"110\" data-moretext=\"Read More\" data-lesstext=\"Close\">&#8211;<a class=\"product-include\" href=\"https:\/\/www.milwaukeetool.com\/Products\/Batteries-and-Chargers\/Other\/48-11-2131\"><span class=\"product-include__quantity\"><span class=\"product-include__title\" style=\"color: #333333;\">Bater\u00eda USB 3.0AH<\/span><\/span><\/a><a class=\"product-include\" href=\"https:\/\/www.milwaukeetool.com\/Products\/Batteries-and-Chargers\/Other\/48-11-2131\"><span class=\"product-include__quantity\"><span class=\"product-include__title\" style=\"color: #333333;\">REDLITHIUM\u00ae <\/span><span style=\"color: #333333;\">\u00a0<\/span><span class=\"product-include__sku\" style=\"color: #333333;\">(48-11-2131)<\/span><\/span><\/a><\/div>\n<div class=\"product-includes__wrap readmore\" data-height=\"110\" data-moretext=\"Read More\" data-lesstext=\"Close\"><a class=\"product-include\" href=\"https:\/\/www.milwaukeetool.com\/Products\/Batteries-and-Chargers\/Other\/48-11-2131\"><span class=\"product-include__quantity\">&#8211;<\/span><\/a><span class=\"product-include\"><span class=\"product-include__title\">Cable USB de servicio pesado de 2 pies<\/span><\/span><\/div>\n","protected":false},"excerpt":{"rendered":"<p>Nuestra linterna REDLITHIUM\u2122 USB 1100L Twist Focus ofrece 1100 l\u00famenes con un control preciso del haz. Aprovechando los avances en la tecnolog\u00eda LED, esta linterna recargable mantiene un cuerpo compacto al tiempo que ofrece 1100L de salida de alta definici\u00f3n TRUEVIEW\u2122, lo que le brinda la capacidad de ver hasta 175 metros (574 pies). La [&hellip;]<\/p>\n","protected":false},"featured_media":18728,"comment_status":"closed","ping_status":"closed","template":"","meta":[],"product_brand":[],"product_cat":[188,195,190],"product_tag":[],"class_list":{"0":"post-3363","1":"product","2":"type-product","3":"status-publish","4":"has-post-thumbnail","6":"product_cat-herramienta-a-bateria","7":"product_cat-iluminacion","8":"product_cat-milwaukee","10":"first","11":"instock","12":"taxable","13":"shipping-taxable","14":"purchasable","15":"product-type-simple","16":"add-to-wishlist-after_add_to_cart"},"aioseo_notices":[],"_links":{"self":[{"href":"https:\/\/electrovalcorp.com\/ecommerce\/wp-json\/wp\/v2\/product\/3363","targetHints":{"allow":["GET"]}}],"collection":[{"href":"https:\/\/electrovalcorp.com\/ecommerce\/wp-json\/wp\/v2\/product"}],"about":[{"href":"https:\/\/electrovalcorp.com\/ecommerce\/wp-json\/wp\/v2\/types\/product"}],"replies":[{"embeddable":true,"href":"https:\/\/electrovalcorp.com\/ecommerce\/wp-json\/wp\/v2\/comments?post=3363"}],"wp:featuredmedia":[{"embeddable":true,"href":"https:\/\/electrovalcorp.com\/ecommerce\/wp-json\/wp\/v2\/media\/18728"}],"wp:attachment":[{"href":"https:\/\/electrovalcorp.com\/ecommerce\/wp-json\/wp\/v2\/media?parent=3363"}],"wp:term":[{"taxonomy":"product_brand","embeddable":true,"href":"https:\/\/electrovalcorp.com\/ecommerce\/wp-json\/wp\/v2\/product_brand?post=3363"},{"taxonomy":"product_cat","embeddable":true,"href":"https:\/\/electrovalcorp.com\/ecommerce\/wp-json\/wp\/v2\/product_cat?post=3363"},{"taxonomy":"product_tag","embeddable":true,"href":"https:\/\/electrovalcorp.com\/ecommerce\/wp-json\/wp\/v2\/product_tag?post=3363"}],"curies":[{"name":"wp","href":"https:\/\/api.w.org\/{rel}","templated":true}]}}