{"id":3421,"date":"2022-01-20T11:42:07","date_gmt":"2022-01-20T11:42:07","guid":{"rendered":"https:\/\/electrovalcorp.com\/ecommerce\/?post_type=product&#038;p=3421"},"modified":"2022-07-18T21:55:33","modified_gmt":"2022-07-18T21:55:33","slug":"llave-ajustable-francesa-de-15-48-22-7415","status":"publish","type":"product","link":"https:\/\/electrovalcorp.com\/ecommerce\/producto\/llave-ajustable-francesa-de-15-48-22-7415\/","title":{"rendered":"Llave ajustable francesa de 15&#8243; 48-22-7415"},"content":{"rendered":"<p>Milwaukee 48-22-7415, llave ajustable de 15&#8243; ha sido dise\u00f1ada desde cero para ofrecer la m\u00e1xima productividad al usuario profesional. La llave ajustable cuenta con un tornillo de ajuste patentado para las mand\u00edbulas que no retroceder\u00e1n. La forma ergon\u00f3mica del mango ha sido dise\u00f1ada para una m\u00e1xima comodidad y no se clava en las palmas de las manos, y est\u00e1 cromada para la protecci\u00f3n contra el \u00f3xido y la m\u00e1xima vida \u00fatil de la herramienta. El dise\u00f1o de mand\u00edbula paralela de la llave no se deslizar\u00e1 ni da\u00f1ar\u00e1 las superficies de acabado, y un lazo de mango listo para la correa hace que el Milwaukee 48-22-7415 sea perfecto para los sitios de trabajo m\u00e1s dif\u00edciles. Milwaukee respalda su producto y ofrece una garant\u00eda limitada de por vida con todas las llaves ajustables. La Milwaukee 48-22-7415 incluye (1)48-22-7415 Llave ajustable de 15&#8243;.<\/p>\n","protected":false},"excerpt":{"rendered":"<p>Milwaukee 48-22-7415, llave ajustable de 15&#8243; ha sido dise\u00f1ada desde cero para ofrecer la m\u00e1xima productividad al usuario profesional. La llave ajustable cuenta con un tornillo de ajuste patentado para las mand\u00edbulas que no retroceder\u00e1n. La forma ergon\u00f3mica del mango ha sido dise\u00f1ada para una m\u00e1xima comodidad y no se clava en las palmas de [&hellip;]<\/p>\n","protected":false},"featured_media":18744,"comment_status":"closed","ping_status":"closed","template":"","meta":[],"product_brand":[],"product_cat":[193,190],"product_tag":[],"class_list":{"0":"post-3421","1":"product","2":"type-product","3":"status-publish","4":"has-post-thumbnail","6":"product_cat-herramienta-manual","7":"product_cat-milwaukee","9":"first","10":"instock","11":"taxable","12":"shipping-taxable","13":"purchasable","14":"product-type-simple","15":"add-to-wishlist-after_add_to_cart"},"aioseo_notices":[],"_links":{"self":[{"href":"https:\/\/electrovalcorp.com\/ecommerce\/wp-json\/wp\/v2\/product\/3421","targetHints":{"allow":["GET"]}}],"collection":[{"href":"https:\/\/electrovalcorp.com\/ecommerce\/wp-json\/wp\/v2\/product"}],"about":[{"href":"https:\/\/electrovalcorp.com\/ecommerce\/wp-json\/wp\/v2\/types\/product"}],"replies":[{"embeddable":true,"href":"https:\/\/electrovalcorp.com\/ecommerce\/wp-json\/wp\/v2\/comments?post=3421"}],"wp:featuredmedia":[{"embeddable":true,"href":"https:\/\/electrovalcorp.com\/ecommerce\/wp-json\/wp\/v2\/media\/18744"}],"wp:attachment":[{"href":"https:\/\/electrovalcorp.com\/ecommerce\/wp-json\/wp\/v2\/media?parent=3421"}],"wp:term":[{"taxonomy":"product_brand","embeddable":true,"href":"https:\/\/electrovalcorp.com\/ecommerce\/wp-json\/wp\/v2\/product_brand?post=3421"},{"taxonomy":"product_cat","embeddable":true,"href":"https:\/\/electrovalcorp.com\/ecommerce\/wp-json\/wp\/v2\/product_cat?post=3421"},{"taxonomy":"product_tag","embeddable":true,"href":"https:\/\/electrovalcorp.com\/ecommerce\/wp-json\/wp\/v2\/product_tag?post=3421"}],"curies":[{"name":"wp","href":"https:\/\/api.w.org\/{rel}","templated":true}]}}