{"id":3445,"date":"2022-01-28T11:23:13","date_gmt":"2022-01-28T11:23:13","guid":{"rendered":"https:\/\/electrovalcorp.com\/ecommerce\/?post_type=product&#038;p=3445"},"modified":"2022-03-25T12:28:33","modified_gmt":"2022-03-25T12:28:33","slug":"cargador-de-bateria-de-iones-de-litio-m12-48-59-2401","status":"publish","type":"product","link":"https:\/\/electrovalcorp.com\/ecommerce\/producto\/cargador-de-bateria-de-iones-de-litio-m12-48-59-2401\/","title":{"rendered":"Cargador de bater\u00eda de iones de litio M12\u2122 48-59-2401"},"content":{"rendered":"<p>Carga r\u00e1pidamente todas las bater\u00edas M12\u2122. Encienda sus bater\u00edas M12\u2122 RED LITHIUM\u2122 y M12\u2122 Litio-Ion en menos de una hora con el cargador de iones de litio M12\u2122. Se comunica directamente con el paquete de bater\u00edas para administrar las cargas y presenta un dise\u00f1o f\u00e1cil de cargar. El perfil delgado del cargador requiere poco espacio de sobremesa. Supervise las cargas de la bater\u00eda de todas sus herramientas inal\u00e1mbricas M12\u2122 con la luz indicadora integrada.<\/p>\n","protected":false},"excerpt":{"rendered":"<p>Carga r\u00e1pidamente todas las bater\u00edas M12\u2122. Encienda sus bater\u00edas M12\u2122 RED LITHIUM\u2122 y M12\u2122 Litio-Ion en menos de una hora con el cargador de iones de litio M12\u2122. Se comunica directamente con el paquete de bater\u00edas para administrar las cargas y presenta un dise\u00f1o f\u00e1cil de cargar. El perfil delgado del cargador requiere poco espacio [&hellip;]<\/p>\n","protected":false},"featured_media":18760,"comment_status":"closed","ping_status":"closed","template":"","meta":[],"product_brand":[],"product_cat":[191,190],"product_tag":[],"class_list":{"0":"post-3445","1":"product","2":"type-product","3":"status-publish","4":"has-post-thumbnail","6":"product_cat-m12","7":"product_cat-milwaukee","9":"first","10":"instock","11":"taxable","12":"shipping-taxable","13":"purchasable","14":"product-type-simple","15":"add-to-wishlist-after_add_to_cart"},"aioseo_notices":[],"_links":{"self":[{"href":"https:\/\/electrovalcorp.com\/ecommerce\/wp-json\/wp\/v2\/product\/3445","targetHints":{"allow":["GET"]}}],"collection":[{"href":"https:\/\/electrovalcorp.com\/ecommerce\/wp-json\/wp\/v2\/product"}],"about":[{"href":"https:\/\/electrovalcorp.com\/ecommerce\/wp-json\/wp\/v2\/types\/product"}],"replies":[{"embeddable":true,"href":"https:\/\/electrovalcorp.com\/ecommerce\/wp-json\/wp\/v2\/comments?post=3445"}],"wp:featuredmedia":[{"embeddable":true,"href":"https:\/\/electrovalcorp.com\/ecommerce\/wp-json\/wp\/v2\/media\/18760"}],"wp:attachment":[{"href":"https:\/\/electrovalcorp.com\/ecommerce\/wp-json\/wp\/v2\/media?parent=3445"}],"wp:term":[{"taxonomy":"product_brand","embeddable":true,"href":"https:\/\/electrovalcorp.com\/ecommerce\/wp-json\/wp\/v2\/product_brand?post=3445"},{"taxonomy":"product_cat","embeddable":true,"href":"https:\/\/electrovalcorp.com\/ecommerce\/wp-json\/wp\/v2\/product_cat?post=3445"},{"taxonomy":"product_tag","embeddable":true,"href":"https:\/\/electrovalcorp.com\/ecommerce\/wp-json\/wp\/v2\/product_tag?post=3445"}],"curies":[{"name":"wp","href":"https:\/\/api.w.org\/{rel}","templated":true}]}}