{"id":3465,"date":"2022-02-11T10:40:11","date_gmt":"2022-02-11T10:40:11","guid":{"rendered":"https:\/\/electrovalcorp.com\/ecommerce\/?post_type=product&#038;p=3465"},"modified":"2022-07-18T21:40:54","modified_gmt":"2022-07-18T21:40:54","slug":"set-de-3-piezas-knipex-002072s6","status":"publish","type":"product","link":"https:\/\/electrovalcorp.com\/ecommerce\/producto\/set-de-3-piezas-knipex-002072s6\/","title":{"rendered":"Set de 3 piezas knipex 002072S6"},"content":{"rendered":"<p id=\"tw-target-text\" class=\"tw-data-text tw-text-large tw-ta\" dir=\"ltr\" data-placeholder=\"Translation\"><span class=\"Y2IQFc\" lang=\"es\">Set de regalo de Navidad Knipex 2021 Modelo: 00 20 72 S6 El regalo perfecto para el profesional del comercio o para usted mismo. Contiene pinzas para bomba de agua Cobra de 125 mm, navaja plegable de electricista y estuche para cintur\u00f3n 87 01 125 KNIPEX Cobra\u00ae Pinzas para bombas de agua de alta tecnolog\u00eda 125 mm Bot\u00f3n de ajuste en la pieza de trabajo Ajuste fino para una adaptaci\u00f3n \u00f3ptima a diferentes tama\u00f1os de piezas de trabajo y un ancho de mango c\u00f3modo Autoblocante en tubos y tuercas: no se desliza sobre la pieza de trabajo y se requiere poca fuerza manual Superficies de agarre con dientes endurecidos especiales para una alta resistencia al desgaste y un agarre estable Dise\u00f1o de junta de caja para una alta estabilidad gracias a la doble gu\u00eda Enganche fiable del perno de la bisagra sin desplazamiento involuntario La protecci\u00f3n contra pellizcos evita que los operadores se pellizquen los dedos Acero el\u00e9ctrico al cromo vanadio, forjado, templado al aceite en varias etapas Longitud: 125 mm Peso: 85g Capacidad de la mordaza: 29 mm 16 20 50 KNIPEX Navaja para electricistas Navaja multiusos de alta calidad, duradera y robusta Hoja extremadamente afilada en acero inoxidable de primera calidad. Cuenta con un fuerte cierre de resorte y un accesorio de sujeci\u00f3n. Longitud abierta: 200 mm Longitud cerrada: 120 mm 00 19 72 KNIPEX Estuche para cintur\u00f3n para 2 alicates Para dos alicates de hasta 150 mm de longitud Hecho de tela de poli\u00e9ster resistente Con cierre de velcro y soporte lateral el\u00e1stico para objetos peque\u00f1os adicionales Pr\u00e1ctico clip para cintur\u00f3n para mayor comodidad. Tama\u00f1o: 175 mm de largo x 65 mm de ancho x 45 mm de profundidad<\/span><\/p>\n","protected":false},"excerpt":{"rendered":"<p>Set de regalo de Navidad Knipex 2021 Modelo: 00 20 72 S6 El regalo perfecto para el profesional del comercio o para usted mismo. Contiene pinzas para bomba de agua Cobra de 125 mm, navaja plegable de electricista y estuche para cintur\u00f3n 87 01 125 KNIPEX Cobra\u00ae Pinzas para bombas de agua de alta tecnolog\u00eda [&hellip;]<\/p>\n","protected":false},"featured_media":18764,"comment_status":"closed","ping_status":"closed","template":"","meta":[],"product_brand":[],"product_cat":[193,198],"product_tag":[],"class_list":{"0":"post-3465","1":"product","2":"type-product","3":"status-publish","4":"has-post-thumbnail","6":"product_cat-herramienta-manual","7":"product_cat-knipex","9":"first","10":"instock","11":"taxable","12":"shipping-taxable","13":"purchasable","14":"product-type-simple","15":"add-to-wishlist-after_add_to_cart"},"aioseo_notices":[],"_links":{"self":[{"href":"https:\/\/electrovalcorp.com\/ecommerce\/wp-json\/wp\/v2\/product\/3465","targetHints":{"allow":["GET"]}}],"collection":[{"href":"https:\/\/electrovalcorp.com\/ecommerce\/wp-json\/wp\/v2\/product"}],"about":[{"href":"https:\/\/electrovalcorp.com\/ecommerce\/wp-json\/wp\/v2\/types\/product"}],"replies":[{"embeddable":true,"href":"https:\/\/electrovalcorp.com\/ecommerce\/wp-json\/wp\/v2\/comments?post=3465"}],"wp:featuredmedia":[{"embeddable":true,"href":"https:\/\/electrovalcorp.com\/ecommerce\/wp-json\/wp\/v2\/media\/18764"}],"wp:attachment":[{"href":"https:\/\/electrovalcorp.com\/ecommerce\/wp-json\/wp\/v2\/media?parent=3465"}],"wp:term":[{"taxonomy":"product_brand","embeddable":true,"href":"https:\/\/electrovalcorp.com\/ecommerce\/wp-json\/wp\/v2\/product_brand?post=3465"},{"taxonomy":"product_cat","embeddable":true,"href":"https:\/\/electrovalcorp.com\/ecommerce\/wp-json\/wp\/v2\/product_cat?post=3465"},{"taxonomy":"product_tag","embeddable":true,"href":"https:\/\/electrovalcorp.com\/ecommerce\/wp-json\/wp\/v2\/product_tag?post=3465"}],"curies":[{"name":"wp","href":"https:\/\/api.w.org\/{rel}","templated":true}]}}