{"id":3573,"date":"2022-02-11T13:25:55","date_gmt":"2022-02-11T13:25:55","guid":{"rendered":"https:\/\/electrovalcorp.com\/ecommerce\/?post_type=product&#038;p=3573"},"modified":"2024-04-16T14:04:39","modified_gmt":"2024-04-16T14:04:39","slug":"alicate-de-liniero-09-02-240-240mm%e2%89%889-5","status":"publish","type":"product","link":"https:\/\/electrovalcorp.com\/ecommerce\/producto\/alicate-de-liniero-09-02-240-240mm%e2%89%889-5\/","title":{"rendered":"Alicate de liniero 09 02 240 (240mm\u22489.5&#8243;)"},"content":{"rendered":"<div class=\"ProductDetailTitle\">\n<div class=\"product--variation-field--variation_field_computed_detail_title__1628 field field--name-field-computed-detail-title field--type-string field--label-hidden field__item\">\n<div class=\"computed_detail_title_name\">Alicates de liniero Estilo americano Knipex<\/div>\n<\/div>\n<\/div>\n<div class=\"product--variation-field--variation_field_pictograms__1628 field field--name-field-pictograms field--type-image field--label-hidden field__items\">\n<div class=\"field__item\"><\/div>\n<\/div>\n<div class=\"bulletpoint-container\">\n<ul class=\"product--variation-field--variation_field_product_desc_highlighted__1628 field field--name-field-product-desc-highlighted field--type-text-long field--label-hidden field__items\">\n<li class=\"field__item\">Alta relaci\u00f3n de transmisi\u00f3n para un f\u00e1cil corte<\/li>\n<li class=\"field__item\">Requiere un 50 % menos de esfuerzo en comparaci\u00f3n con los alicates combinados convencionales gracias a la relaci\u00f3n de transmisi\u00f3n optimizada<\/li>\n<\/ul>\n<ul class=\"product--variation-field--variation_field_product_description__1628 field field--name-field-product-description field--type-text-long field--label-hidden field__items\">\n<li class=\"field__item\">Construcci\u00f3n s\u00f3lida para la tensi\u00f3n m\u00e1s pesada; universalmente aplicable<\/li>\n<li class=\"field__item\">Forma del mango ergon\u00f3micamente optimizada para un contacto firme con la mano y una operaci\u00f3n que reduce la fatiga<\/li>\n<li class=\"field__item\">Zona de agarre moleteada de eclosi\u00f3n cruzada particularmente efectiva en las mand\u00edbulas, para un agarre y tracci\u00f3n fuertes<\/li>\n<li class=\"field__item\">Zona de agarre adicional debajo de la junta para un potente apalancamiento y rendimiento de presi\u00f3n<\/li>\n<li class=\"field__item\">Con bordes de corte para alambre blando y duro<\/li>\n<li class=\"field__item\">Bordes de corte endurecidos adicionalmente por inducci\u00f3n, dureza de borde de corte aprox. 64 HRC<\/li>\n<li class=\"field__item\">Acero el\u00e9ctrico de vanadio, forjado, endurecido en aceite de varias etapas<\/li>\n<\/ul>\n<div class=\"product--variation-field--variation_field_product_desc_material__1628\"><\/div>\n<\/div>\n<div class=\"field field--name-variations field--type-entity-reference field--label-hidden field__items\">\n<div class=\"field__item\">\n<div id=\"commerce-product-add-to-cart-form\">\n<form id=\"commerce-order-item-add-to-cart-form-commerce-product-1628\" class=\"commerce-order-item-add-to-cart-form-commerce-product-1628 commerce-order-item-add-to-cart-form\" accept-charset=\"UTF-8\" action=\"https:\/\/www.knipex.com\/products\/combination-and-multifunctional-pliers\/lineman's-pliers-american-style\/linemans-pliersamerican-style\/0902240\" method=\"post\" data-drupal-selector=\"commerce-order-item-add-to-cart-form-commerce-product-1628\">\n<div id=\"edit-purchased-entity-wrapper\" class=\"field--type-entity-reference field--name-purchased-entity field--widget-commerce-product-variation-attributes-redirect js-form-wrapper form-wrapper\" data-drupal-selector=\"edit-purchased-entity-wrapper\">\n<div id=\"edit-purchased-entity-0-attributes\" class=\"attribute-widgets js-form-wrapper form-wrapper\" data-drupal-selector=\"edit-purchased-entity-0-attributes\"><\/div>\n<\/div>\n<\/form>\n<\/div>\n<\/div>\n<\/div>\n","protected":false},"excerpt":{"rendered":"<p>Alicates de liniero Estilo americano Knipex Alta relaci\u00f3n de transmisi\u00f3n para un f\u00e1cil corte Requiere un 50 % menos de esfuerzo en comparaci\u00f3n con los alicates combinados convencionales gracias a la relaci\u00f3n de transmisi\u00f3n optimizada Construcci\u00f3n s\u00f3lida para la tensi\u00f3n m\u00e1s pesada; universalmente aplicable Forma del mango ergon\u00f3micamente optimizada para un contacto firme con la [&hellip;]<\/p>\n","protected":false},"featured_media":18767,"comment_status":"closed","ping_status":"closed","template":"","meta":[],"product_brand":[],"product_cat":[193,198],"product_tag":[],"class_list":{"0":"post-3573","1":"product","2":"type-product","3":"status-publish","4":"has-post-thumbnail","6":"product_cat-herramienta-manual","7":"product_cat-knipex","9":"first","10":"instock","11":"taxable","12":"shipping-taxable","13":"purchasable","14":"product-type-simple","15":"add-to-wishlist-after_add_to_cart"},"aioseo_notices":[],"_links":{"self":[{"href":"https:\/\/electrovalcorp.com\/ecommerce\/wp-json\/wp\/v2\/product\/3573","targetHints":{"allow":["GET"]}}],"collection":[{"href":"https:\/\/electrovalcorp.com\/ecommerce\/wp-json\/wp\/v2\/product"}],"about":[{"href":"https:\/\/electrovalcorp.com\/ecommerce\/wp-json\/wp\/v2\/types\/product"}],"replies":[{"embeddable":true,"href":"https:\/\/electrovalcorp.com\/ecommerce\/wp-json\/wp\/v2\/comments?post=3573"}],"wp:featuredmedia":[{"embeddable":true,"href":"https:\/\/electrovalcorp.com\/ecommerce\/wp-json\/wp\/v2\/media\/18767"}],"wp:attachment":[{"href":"https:\/\/electrovalcorp.com\/ecommerce\/wp-json\/wp\/v2\/media?parent=3573"}],"wp:term":[{"taxonomy":"product_brand","embeddable":true,"href":"https:\/\/electrovalcorp.com\/ecommerce\/wp-json\/wp\/v2\/product_brand?post=3573"},{"taxonomy":"product_cat","embeddable":true,"href":"https:\/\/electrovalcorp.com\/ecommerce\/wp-json\/wp\/v2\/product_cat?post=3573"},{"taxonomy":"product_tag","embeddable":true,"href":"https:\/\/electrovalcorp.com\/ecommerce\/wp-json\/wp\/v2\/product_tag?post=3573"}],"curies":[{"name":"wp","href":"https:\/\/api.w.org\/{rel}","templated":true}]}}