{"id":3577,"date":"2022-02-14T16:47:31","date_gmt":"2022-02-14T16:47:31","guid":{"rendered":"https:\/\/electrovalcorp.com\/ecommerce\/?post_type=product&#038;p=3577"},"modified":"2026-04-08T15:54:42","modified_gmt":"2026-04-08T15:54:42","slug":"alicates-universales-con-crimpador-knipex-0912240","status":"publish","type":"product","link":"https:\/\/electrovalcorp.com\/ecommerce\/producto\/alicates-universales-con-crimpador-knipex-0912240\/","title":{"rendered":"Alicates universales con crimpador Knipex 0912240 (240mm\u22489.5&#8243;)"},"content":{"rendered":"<p>Alicates universales con mayor relaci\u00f3n de transmisi\u00f3n &#8220;Lineman&#8217;s&#8221;<\/p>\n<ul class=\"product--variation-field--variation_field_product_desc_highlighted__1628 field field--name-field-product-desc-highlighted field--type-text-long field--label-hidden field__items\">\n<li class=\"field__item\">Gran relaci\u00f3n de engranajes para un f\u00e1cil corte<\/li>\n<li class=\"field__item\">La \u00f3ptima relaci\u00f3n de engranajes permite utilizar un 50% menos de fuerza en comparaci\u00f3n con los alicates universales convencionales<\/li>\n<\/ul>\n<ul class=\"product--variation-field--variation_field_product_description__1628 field field--name-field-product-description field--type-text-long field--label-hidden field__items\">\n<li class=\"field__item\">Con una ranura en el conector para tirar del cable<\/li>\n<li class=\"field__item\">Con pin de amasado universal debajo del conector<\/li>\n<li class=\"field__item\">Mano de obra masiva para las cargas m\u00e1s altas, uso universal<\/li>\n<li class=\"field__item\">Mango ergon\u00f3mico con forma optimizada para una excelente sujeci\u00f3n de la mano y una transferencia de fuerza eficiente sin sentirse cansado<\/li>\n<li class=\"field__item\">Las superficies de agarre de dentici\u00f3n cruzada proporcionan un agarre muy fuerte y seguro<\/li>\n<li class=\"field__item\">La superficie de agarre adicional en la parte posterior de la articulaci\u00f3n permite m.in. socavando y presionando<\/li>\n<li class=\"field__item\">Para cortar alambre blando y duro<\/li>\n<li class=\"field__item\">Cuchillas endurecidas inductivamente por separado, dureza de la cuchilla aprox. 64 HRC<\/li>\n<li class=\"field__item\">Acero el\u00e9ctrico de vanadio, forjado, endurecido repetidamente al aceite<\/li>\n<\/ul>\n","protected":false},"excerpt":{"rendered":"<p>Alicates universales con mayor relaci\u00f3n de transmisi\u00f3n &#8220;Lineman&#8217;s&#8221; Gran relaci\u00f3n de engranajes para un f\u00e1cil corte La \u00f3ptima relaci\u00f3n de engranajes permite utilizar un 50% menos de fuerza en comparaci\u00f3n con los alicates universales convencionales Con una ranura en el conector para tirar del cable Con pin de amasado universal debajo del conector Mano de [&hellip;]<\/p>\n","protected":false},"featured_media":18768,"comment_status":"closed","ping_status":"closed","template":"","meta":[],"product_brand":[],"product_cat":[193,198],"product_tag":[],"class_list":{"0":"post-3577","1":"product","2":"type-product","3":"status-publish","4":"has-post-thumbnail","6":"product_cat-herramienta-manual","7":"product_cat-knipex","9":"first","10":"instock","11":"taxable","12":"shipping-taxable","13":"purchasable","14":"product-type-simple","15":"add-to-wishlist-after_add_to_cart"},"aioseo_notices":[],"_links":{"self":[{"href":"https:\/\/electrovalcorp.com\/ecommerce\/wp-json\/wp\/v2\/product\/3577","targetHints":{"allow":["GET"]}}],"collection":[{"href":"https:\/\/electrovalcorp.com\/ecommerce\/wp-json\/wp\/v2\/product"}],"about":[{"href":"https:\/\/electrovalcorp.com\/ecommerce\/wp-json\/wp\/v2\/types\/product"}],"replies":[{"embeddable":true,"href":"https:\/\/electrovalcorp.com\/ecommerce\/wp-json\/wp\/v2\/comments?post=3577"}],"wp:featuredmedia":[{"embeddable":true,"href":"https:\/\/electrovalcorp.com\/ecommerce\/wp-json\/wp\/v2\/media\/18768"}],"wp:attachment":[{"href":"https:\/\/electrovalcorp.com\/ecommerce\/wp-json\/wp\/v2\/media?parent=3577"}],"wp:term":[{"taxonomy":"product_brand","embeddable":true,"href":"https:\/\/electrovalcorp.com\/ecommerce\/wp-json\/wp\/v2\/product_brand?post=3577"},{"taxonomy":"product_cat","embeddable":true,"href":"https:\/\/electrovalcorp.com\/ecommerce\/wp-json\/wp\/v2\/product_cat?post=3577"},{"taxonomy":"product_tag","embeddable":true,"href":"https:\/\/electrovalcorp.com\/ecommerce\/wp-json\/wp\/v2\/product_tag?post=3577"}],"curies":[{"name":"wp","href":"https:\/\/api.w.org\/{rel}","templated":true}]}}