{"id":3583,"date":"2022-02-14T17:20:05","date_gmt":"2022-02-14T17:20:05","guid":{"rendered":"https:\/\/electrovalcorp.com\/ecommerce\/?post_type=product&#038;p=3583"},"modified":"2026-04-08T15:54:10","modified_gmt":"2026-04-08T15:54:10","slug":"alicate-y-llave-inglesa-en-una-sola-herramienta-86-06-250-250mm%e2%89%8810","status":"publish","type":"product","link":"https:\/\/electrovalcorp.com\/ecommerce\/producto\/alicate-y-llave-inglesa-en-una-sola-herramienta-86-06-250-250mm%e2%89%8810\/","title":{"rendered":"Alicate y llave inglesa en una sola herramienta (250mm\u224810&#8243;) 86 06 250"},"content":{"rendered":"<ul class=\"product--variation-field--variation_field_product_desc_highlighted__1422 field field--name-field-product-desc-highlighted field--type-text-long field--label-hidden field__items\">\n<li>\n<div class=\"key\">Rango de trabajo para tuercas (arriba): 52 mil\u00edmetros (2&#8243;)<\/div>\n<\/li>\n<li class=\"field__item\">Reemplaza el conjunto de varias piezas de teclas m\u00e9tricas y de pulgadas<\/li>\n<li class=\"field__item\">Mand\u00edbulas lisas para la instalaci\u00f3n de accesorios con superficies susceptibles de da\u00f1os: \u00a1permiten el montaje directo de elementos cromados!<\/li>\n<li class=\"field__item\">Escala pr\u00e1ctica: la escala grabada con l\u00e1ser (m\u00e9trica y pulgada) le permite preestablecer el tama\u00f1o de la clave<\/li>\n<\/ul>\n<ul class=\"product--variation-field--variation_field_product_description__1422 field field--name-field-product-description field--type-text-long field--label-hidden field__items\">\n<li class=\"field__item\">Ideal para agarrar, sujetar, sujetar y doblar varios objetos<\/li>\n<li class=\"field__item\">Las mand\u00edbulas le permiten agarrar toda la superficie sin retroceso, de modo que no haya da\u00f1os en los bordes de los elementos de los accesorios.<\/li>\n<li class=\"field__item\">No hay riesgo de desplazamiento involuntario de las mand\u00edbulas y cambio de la configuraci\u00f3n del ancho de apertura<\/li>\n<li class=\"field__item\">Las mordazas paralelas permiten la sujeci\u00f3n continua de objetos de cualquier tama\u00f1o en el rango de funcionamiento especificado<\/li>\n<li class=\"field__item\">El espaciado de las mand\u00edbulas le permite apretar o desenroscar r\u00e1pidamente los sujetadores de una manera similar a una llave de trinquete tradicional<\/li>\n<li class=\"field__item\">Alta fuerza de sujeci\u00f3n debido al aumento de 10 veces en la fuerza de la mano<\/li>\n<li class=\"field__item\">Acero el\u00e9ctrico, cromo vanadio, forjado, endurecido al aceite<\/li>\n<\/ul>\n","protected":false},"excerpt":{"rendered":"<p>Rango de trabajo para tuercas (arriba): 52 mil\u00edmetros (2&#8243;) Reemplaza el conjunto de varias piezas de teclas m\u00e9tricas y de pulgadas Mand\u00edbulas lisas para la instalaci\u00f3n de accesorios con superficies susceptibles de da\u00f1os: \u00a1permiten el montaje directo de elementos cromados! Escala pr\u00e1ctica: la escala grabada con l\u00e1ser (m\u00e9trica y pulgada) le permite preestablecer el tama\u00f1o [&hellip;]<\/p>\n","protected":false},"featured_media":18771,"comment_status":"closed","ping_status":"closed","template":"","meta":[],"product_brand":[],"product_cat":[199,193,198],"product_tag":[],"class_list":{"0":"post-3583","1":"product","2":"type-product","3":"status-publish","4":"has-post-thumbnail","6":"product_cat-aislado","7":"product_cat-herramienta-manual","8":"product_cat-knipex","10":"first","11":"instock","12":"taxable","13":"shipping-taxable","14":"purchasable","15":"product-type-simple","16":"add-to-wishlist-after_add_to_cart"},"aioseo_notices":[],"_links":{"self":[{"href":"https:\/\/electrovalcorp.com\/ecommerce\/wp-json\/wp\/v2\/product\/3583","targetHints":{"allow":["GET"]}}],"collection":[{"href":"https:\/\/electrovalcorp.com\/ecommerce\/wp-json\/wp\/v2\/product"}],"about":[{"href":"https:\/\/electrovalcorp.com\/ecommerce\/wp-json\/wp\/v2\/types\/product"}],"replies":[{"embeddable":true,"href":"https:\/\/electrovalcorp.com\/ecommerce\/wp-json\/wp\/v2\/comments?post=3583"}],"wp:featuredmedia":[{"embeddable":true,"href":"https:\/\/electrovalcorp.com\/ecommerce\/wp-json\/wp\/v2\/media\/18771"}],"wp:attachment":[{"href":"https:\/\/electrovalcorp.com\/ecommerce\/wp-json\/wp\/v2\/media?parent=3583"}],"wp:term":[{"taxonomy":"product_brand","embeddable":true,"href":"https:\/\/electrovalcorp.com\/ecommerce\/wp-json\/wp\/v2\/product_brand?post=3583"},{"taxonomy":"product_cat","embeddable":true,"href":"https:\/\/electrovalcorp.com\/ecommerce\/wp-json\/wp\/v2\/product_cat?post=3583"},{"taxonomy":"product_tag","embeddable":true,"href":"https:\/\/electrovalcorp.com\/ecommerce\/wp-json\/wp\/v2\/product_tag?post=3583"}],"curies":[{"name":"wp","href":"https:\/\/api.w.org\/{rel}","templated":true}]}}